{"id":14057,"date":"2022-02-23T11:55:04","date_gmt":"2022-02-23T11:55:04","guid":{"rendered":"https:\/\/www.bonnysa.es\/jobs\/"},"modified":"2022-10-03T17:45:33","modified_gmt":"2022-10-03T17:45:33","slug":"jobs","status":"publish","type":"page","link":"https:\/\/www.bonnysa.es\/en\/jobs\/","title":{"rendered":"Jobs"},"content":{"rendered":"\n<div class=\"wp-block-media-text alignwide has-media-on-the-right is-stacked-on-mobile\" style=\"grid-template-columns:auto 40%\" id=\"productos-claim\"><figure class=\"wp-block-media-text__media\"><img loading=\"lazy\" decoding=\"async\" width=\"446\" height=\"461\" src=\"https:\/\/www.bonnysa.es\/wp-content\/uploads\/2022\/03\/gazpacho1.png\" alt=\"\" class=\"wp-image-351 size-full\" srcset=\"https:\/\/www.bonnysa.es\/wp-content\/uploads\/2022\/03\/gazpacho1.png 446w, https:\/\/www.bonnysa.es\/wp-content\/uploads\/2022\/03\/gazpacho1-290x300.png 290w\" sizes=\"(max-width: 446px) 100vw, 446px\" \/><\/figure><div class=\"wp-block-media-text__content\">\n<h2 class=\"has-text-color wp-block-heading\" style=\"color:#da3c02\"><strong>Jobs<\/strong><\/h2>\n\n\n\n<p class=\"contact-txt-sub\" style=\"font-size:18px\"><strong>Would you like to join our team?<\/strong><\/p>\n\n\n\n<p>Send us your CV in PDF indicating which geographical area you are interested in (Murcia, Alicante or Tenerife) and here we are waiting for you<\/p>\n<\/div><\/div>\nhola\n\n<div class=\"wp-block-group alignfull has-background is-layout-flow wp-block-group-is-layout-flow\" id=\"empleo-form-container\" style=\"background:linear-gradient(113deg,rgba(252,235,191,0) 11%,rgb(252,235,191) 90%)\"><div class=\"wp-block-group__inner-container\"><div role=\"form\" class=\"wpcf7\" id=\"wpcf7-f13363-o1\" lang=\"es-ES\" dir=\"ltr\">\n<div class=\"screen-reader-response\"><p role=\"status\" aria-live=\"polite\" aria-atomic=\"true\"><\/p> <ul><\/ul><\/div>\n<form action=\"\/en\/wp-json\/wp\/v2\/pages\/14057#wpcf7-f13363-o1\" method=\"post\" class=\"wpcf7-form init\" enctype=\"multipart\/form-data\" novalidate=\"novalidate\" data-status=\"init\">\n<div style=\"display: none;\">\n<input type=\"hidden\" name=\"_wpcf7\" value=\"13363\" \/>\n<input type=\"hidden\" name=\"_wpcf7_version\" value=\"5.6.3\" \/>\n<input type=\"hidden\" name=\"_wpcf7_locale\" value=\"es_ES\" \/>\n<input type=\"hidden\" name=\"_wpcf7_unit_tag\" value=\"wpcf7-f13363-o1\" \/>\n<input type=\"hidden\" name=\"_wpcf7_container_post\" value=\"0\" \/>\n<input type=\"hidden\" name=\"_wpcf7_posted_data_hash\" value=\"\" \/>\n<\/div>\n<div class=\"wp-block-columns\">\n    <label class=\"wp-block-column\"><span class=\"wpcf7-form-control-wrap\" data-name=\"your-name\"><input type=\"text\" name=\"your-name\" value=\"\" size=\"40\" class=\"wpcf7-form-control wpcf7-text wpcf7-validates-as-required\" aria-required=\"true\" aria-invalid=\"false\" placeholder=\"Nombre *\" \/><\/span> <\/label><br \/>\n    <label class=\"wp-block-column\"><span class=\"wpcf7-form-control-wrap\" data-name=\"your-surname\"><input type=\"text\" name=\"your-surname\" value=\"\" size=\"40\" class=\"wpcf7-form-control wpcf7-text wpcf7-validates-as-required\" aria-required=\"true\" aria-invalid=\"false\" placeholder=\"Apellidos *\" \/><\/span> <\/label>\n<\/div>\n<div class=\"wp-block-columns\">\n    <label class=\"wp-block-column\"><span class=\"wpcf7-form-control-wrap\" data-name=\"your-email\"><input type=\"email\" name=\"your-email\" value=\"\" size=\"40\" class=\"wpcf7-form-control wpcf7-text wpcf7-email wpcf7-validates-as-required wpcf7-validates-as-email\" aria-required=\"true\" aria-invalid=\"false\" placeholder=\"Email *\" \/><\/span> <\/label><br \/>\n    <label class=\"wp-block-column\"><span class=\"wpcf7-form-control-wrap\" data-name=\"tel-telefono\"><input type=\"tel\" name=\"tel-telefono\" value=\"\" size=\"40\" class=\"wpcf7-form-control wpcf7-text wpcf7-tel wpcf7-validates-as-required wpcf7-validates-as-tel\" aria-required=\"true\" aria-invalid=\"false\" placeholder=\"Tel\u00e9fono *\" \/><\/span> <\/label>\n<\/div>\n<p><strong>Lugar de trabajo<\/strong><br \/>\n<span class=\"wpcf7-form-control-wrap\" data-name=\"send-to\"><select name=\"send-to\" class=\"wpcf7-form-control wpcf7-select\" aria-invalid=\"false\"><option value=\"\">---<\/option><option value=\"Tenerife\">Tenerife<\/option><option value=\"Alicante - Almacenes y Campo\">Alicante - Almacenes y Campo<\/option><option value=\"Alicante - Otros\">Alicante - Otros<\/option><option value=\"Murcia\">Murcia<\/option><\/select><\/span><\/p>\n<p><strong>\u00bfCu\u00e1l es tu perfil profesional?<\/strong><br \/>\n    <span class=\"wpcf7-form-control-wrap\" data-name=\"checkbox-844\"><span class=\"wpcf7-form-control wpcf7-checkbox\"><span class=\"wpcf7-list-item first\"><label><input type=\"checkbox\" name=\"checkbox-844[]\" value=\"Producci\u00f3n Agr\u00edcola\" \/><span class=\"wpcf7-list-item-label\">Producci\u00f3n Agr\u00edcola<\/span><\/label><\/span><span class=\"wpcf7-list-item\"><label><input type=\"checkbox\" name=\"checkbox-844[]\" value=\"Almacenes\" \/><span class=\"wpcf7-list-item-label\">Almacenes<\/span><\/label><\/span><span class=\"wpcf7-list-item\"><label><input type=\"checkbox\" name=\"checkbox-844[]\" value=\"Administraci\u00f3n Contable y financieros\" \/><span class=\"wpcf7-list-item-label\">Administraci\u00f3n Contable y financieros<\/span><\/label><\/span><span class=\"wpcf7-list-item\"><label><input type=\"checkbox\" name=\"checkbox-844[]\" value=\"Administraci\u00f3n RRHH\" \/><span class=\"wpcf7-list-item-label\">Administraci\u00f3n RRHH<\/span><\/label><\/span><span class=\"wpcf7-list-item\"><label><input type=\"checkbox\" name=\"checkbox-844[]\" value=\"Administraci\u00f3n Comercial\" \/><span class=\"wpcf7-list-item-label\">Administraci\u00f3n Comercial<\/span><\/label><\/span><span class=\"wpcf7-list-item\"><label><input type=\"checkbox\" name=\"checkbox-844[]\" value=\"T\u00e9cnicos de calidad\" \/><span class=\"wpcf7-list-item-label\">T\u00e9cnicos de calidad<\/span><\/label><\/span><span class=\"wpcf7-list-item\"><label><input type=\"checkbox\" name=\"checkbox-844[]\" value=\"Inform\u00e1tica\" \/><span class=\"wpcf7-list-item-label\">Inform\u00e1tica<\/span><\/label><\/span><span class=\"wpcf7-list-item\"><label><input type=\"checkbox\" name=\"checkbox-844[]\" value=\"Ingenieros\" \/><span class=\"wpcf7-list-item-label\">Ingenieros<\/span><\/label><\/span><span class=\"wpcf7-list-item last\"><label><input type=\"checkbox\" name=\"checkbox-844[]\" value=\"Log\u00edstica y Compras\" \/><span class=\"wpcf7-list-item-label\">Log\u00edstica y Compras<\/span><\/label><\/span><\/span><\/span><\/p>\n<p><label><strong>Adjunta tu curr\u00edculum en formato .PDF*<\/strong><br \/>\n    <span class=\"wpcf7-form-control-wrap\" data-name=\"curriculum\"><input type=\"file\" name=\"curriculum\" size=\"40\" class=\"wpcf7-form-control wpcf7-file wpcf7-validates-as-required\" accept=\".pdf\" aria-required=\"true\" aria-invalid=\"false\" \/><\/span> <\/label><\/p>\n<div class=\"wp-block-columns cf7-submit-rgpd-container\">\n<label class=\"wp-block-column\"><span class=\"wpcf7-form-control-wrap\" data-name=\"rgpd\"><span class=\"wpcf7-form-control wpcf7-acceptance\"><span class=\"wpcf7-list-item\"><input type=\"checkbox\" name=\"rgpd\" value=\"1\" aria-invalid=\"false\" \/><\/span><\/span><\/span> He le\u00eddo y acepto la <a href=\"\/politica-de-privacidad\/\">Pol\u00edtica de Privacidad<\/a> <\/label><br \/>\n<label class=\"wp-block-column\"><input type=\"submit\" value=\"Enviar\" class=\"wpcf7-form-control has-spinner wpcf7-submit\" \/><\/label>\n<\/div>\n<input type='hidden' class='wpcf7-pum' value='{\"closepopup\":false,\"closedelay\":0,\"openpopup\":false,\"openpopup_id\":0}' \/><div class=\"wpcf7-response-output\" aria-hidden=\"true\"><\/div><\/form><\/div>\n<\/div><\/div>\n","protected":false},"excerpt":{"rendered":"<p>Jobs Would you like to join our team? Send us your CV in PDF indicating which geographical area you are interested in (Murcia, Alicante or Tenerife) and here we are waiting for you<\/p>\n","protected":false},"author":1,"featured_media":0,"parent":0,"menu_order":0,"comment_status":"closed","ping_status":"closed","template":"","meta":{"_acf_changed":false,"inline_featured_image":false,"site-sidebar-layout":"default","site-content-layout":"default","ast-global-header-display":"","ast-main-header-display":"","ast-hfb-above-header-display":"","ast-hfb-below-header-display":"","ast-hfb-mobile-header-display":"","site-post-title":"","ast-breadcrumbs-content":"","ast-featured-img":"","footer-sml-layout":"","theme-transparent-header-meta":"","adv-header-id-meta":"","stick-header-meta":"","header-above-stick-meta":"","header-main-stick-meta":"","header-below-stick-meta":"","footnotes":""},"acf":[],"yoast_head":"<!-- This site is optimized with the Yoast SEO plugin v19.7.1 - https:\/\/yoast.com\/wordpress\/plugins\/seo\/ -->\n<title>Jobs - Bonnysa<\/title>\n<meta name=\"robots\" content=\"index, follow, max-snippet:-1, max-image-preview:large, max-video-preview:-1\" \/>\n<link rel=\"canonical\" href=\"https:\/\/www.bonnysa.es\/en\/jobs\/\" \/>\n<meta property=\"og:locale\" content=\"en_US\" \/>\n<meta property=\"og:type\" content=\"article\" \/>\n<meta property=\"og:title\" content=\"Jobs - Bonnysa\" \/>\n<meta property=\"og:description\" content=\"Jobs Would you like to join our team? Send us your CV in PDF indicating which geographical area you are interested in (Murcia, Alicante or Tenerife) and here we are waiting for you\" \/>\n<meta property=\"og:url\" content=\"https:\/\/www.bonnysa.es\/en\/jobs\/\" \/>\n<meta property=\"og:site_name\" content=\"Bonnysa\" \/>\n<meta property=\"article:modified_time\" content=\"2022-10-03T17:45:33+00:00\" \/>\n<meta property=\"og:image\" content=\"https:\/\/www.bonnysa.es\/wp-content\/uploads\/2022\/03\/gazpacho1.png\" \/>\n<meta name=\"twitter:card\" content=\"summary_large_image\" \/>\n<script type=\"application\/ld+json\" class=\"yoast-schema-graph\">{\"@context\":\"https:\/\/schema.org\",\"@graph\":[{\"@type\":\"WebPage\",\"@id\":\"https:\/\/www.bonnysa.es\/en\/jobs\/\",\"url\":\"https:\/\/www.bonnysa.es\/en\/jobs\/\",\"name\":\"Jobs - Bonnysa\",\"isPartOf\":{\"@id\":\"https:\/\/www.bonnysa.es\/#website\"},\"datePublished\":\"2022-02-23T11:55:04+00:00\",\"dateModified\":\"2022-10-03T17:45:33+00:00\",\"breadcrumb\":{\"@id\":\"https:\/\/www.bonnysa.es\/en\/jobs\/#breadcrumb\"},\"inLanguage\":\"en-US\",\"potentialAction\":[{\"@type\":\"ReadAction\",\"target\":[\"https:\/\/www.bonnysa.es\/en\/jobs\/\"]}]},{\"@type\":\"BreadcrumbList\",\"@id\":\"https:\/\/www.bonnysa.es\/en\/jobs\/#breadcrumb\",\"itemListElement\":[{\"@type\":\"ListItem\",\"position\":1,\"name\":\"Portada\",\"item\":\"https:\/\/www.bonnysa.es\/en\/home\/\"},{\"@type\":\"ListItem\",\"position\":2,\"name\":\"Jobs\"}]},{\"@type\":\"WebSite\",\"@id\":\"https:\/\/www.bonnysa.es\/#website\",\"url\":\"https:\/\/www.bonnysa.es\/\",\"name\":\"Bonnysa\",\"description\":\"Tras m\u00e1s de 60 a\u00f1os llenando las casas de sonrisas, ahora damos el salto a hacerlo tambi\u00e9n en Internet. \u00a1Bienvenid@ a la web m\u00e1s natural del mundo mundial!\",\"publisher\":{\"@id\":\"https:\/\/www.bonnysa.es\/#organization\"},\"potentialAction\":[{\"@type\":\"SearchAction\",\"target\":{\"@type\":\"EntryPoint\",\"urlTemplate\":\"https:\/\/www.bonnysa.es\/?s={search_term_string}\"},\"query-input\":\"required name=search_term_string\"}],\"inLanguage\":\"en-US\"},{\"@type\":\"Organization\",\"@id\":\"https:\/\/www.bonnysa.es\/#organization\",\"name\":\"Bonnysa\",\"url\":\"https:\/\/www.bonnysa.es\/\",\"sameAs\":[],\"logo\":{\"@type\":\"ImageObject\",\"inLanguage\":\"en-US\",\"@id\":\"https:\/\/www.bonnysa.es\/#\/schema\/logo\/image\/\",\"url\":\"https:\/\/www.bonnysa.es\/wp-content\/uploads\/2022\/02\/logo-bonnysa.svg\",\"contentUrl\":\"https:\/\/www.bonnysa.es\/wp-content\/uploads\/2022\/02\/logo-bonnysa.svg\",\"width\":196,\"height\":85,\"caption\":\"Bonnysa\"},\"image\":{\"@id\":\"https:\/\/www.bonnysa.es\/#\/schema\/logo\/image\/\"}}]}<\/script>\n<!-- \/ Yoast SEO plugin. -->","yoast_head_json":{"title":"Jobs - Bonnysa","robots":{"index":"index","follow":"follow","max-snippet":"max-snippet:-1","max-image-preview":"max-image-preview:large","max-video-preview":"max-video-preview:-1"},"canonical":"https:\/\/www.bonnysa.es\/en\/jobs\/","og_locale":"en_US","og_type":"article","og_title":"Jobs - Bonnysa","og_description":"Jobs Would you like to join our team? Send us your CV in PDF indicating which geographical area you are interested in (Murcia, Alicante or Tenerife) and here we are waiting for you","og_url":"https:\/\/www.bonnysa.es\/en\/jobs\/","og_site_name":"Bonnysa","article_modified_time":"2022-10-03T17:45:33+00:00","og_image":[{"url":"https:\/\/www.bonnysa.es\/wp-content\/uploads\/2022\/03\/gazpacho1.png"}],"twitter_card":"summary_large_image","schema":{"@context":"https:\/\/schema.org","@graph":[{"@type":"WebPage","@id":"https:\/\/www.bonnysa.es\/en\/jobs\/","url":"https:\/\/www.bonnysa.es\/en\/jobs\/","name":"Jobs - Bonnysa","isPartOf":{"@id":"https:\/\/www.bonnysa.es\/#website"},"datePublished":"2022-02-23T11:55:04+00:00","dateModified":"2022-10-03T17:45:33+00:00","breadcrumb":{"@id":"https:\/\/www.bonnysa.es\/en\/jobs\/#breadcrumb"},"inLanguage":"en-US","potentialAction":[{"@type":"ReadAction","target":["https:\/\/www.bonnysa.es\/en\/jobs\/"]}]},{"@type":"BreadcrumbList","@id":"https:\/\/www.bonnysa.es\/en\/jobs\/#breadcrumb","itemListElement":[{"@type":"ListItem","position":1,"name":"Portada","item":"https:\/\/www.bonnysa.es\/en\/home\/"},{"@type":"ListItem","position":2,"name":"Jobs"}]},{"@type":"WebSite","@id":"https:\/\/www.bonnysa.es\/#website","url":"https:\/\/www.bonnysa.es\/","name":"Bonnysa","description":"Tras m\u00e1s de 60 a\u00f1os llenando las casas de sonrisas, ahora damos el salto a hacerlo tambi\u00e9n en Internet. \u00a1Bienvenid@ a la web m\u00e1s natural del mundo mundial!","publisher":{"@id":"https:\/\/www.bonnysa.es\/#organization"},"potentialAction":[{"@type":"SearchAction","target":{"@type":"EntryPoint","urlTemplate":"https:\/\/www.bonnysa.es\/?s={search_term_string}"},"query-input":"required name=search_term_string"}],"inLanguage":"en-US"},{"@type":"Organization","@id":"https:\/\/www.bonnysa.es\/#organization","name":"Bonnysa","url":"https:\/\/www.bonnysa.es\/","sameAs":[],"logo":{"@type":"ImageObject","inLanguage":"en-US","@id":"https:\/\/www.bonnysa.es\/#\/schema\/logo\/image\/","url":"https:\/\/www.bonnysa.es\/wp-content\/uploads\/2022\/02\/logo-bonnysa.svg","contentUrl":"https:\/\/www.bonnysa.es\/wp-content\/uploads\/2022\/02\/logo-bonnysa.svg","width":196,"height":85,"caption":"Bonnysa"},"image":{"@id":"https:\/\/www.bonnysa.es\/#\/schema\/logo\/image\/"}}]}},"_links":{"self":[{"href":"https:\/\/www.bonnysa.es\/en\/wp-json\/wp\/v2\/pages\/14057"}],"collection":[{"href":"https:\/\/www.bonnysa.es\/en\/wp-json\/wp\/v2\/pages"}],"about":[{"href":"https:\/\/www.bonnysa.es\/en\/wp-json\/wp\/v2\/types\/page"}],"author":[{"embeddable":true,"href":"https:\/\/www.bonnysa.es\/en\/wp-json\/wp\/v2\/users\/1"}],"replies":[{"embeddable":true,"href":"https:\/\/www.bonnysa.es\/en\/wp-json\/wp\/v2\/comments?post=14057"}],"version-history":[{"count":1,"href":"https:\/\/www.bonnysa.es\/en\/wp-json\/wp\/v2\/pages\/14057\/revisions"}],"predecessor-version":[{"id":14058,"href":"https:\/\/www.bonnysa.es\/en\/wp-json\/wp\/v2\/pages\/14057\/revisions\/14058"}],"wp:attachment":[{"href":"https:\/\/www.bonnysa.es\/en\/wp-json\/wp\/v2\/media?parent=14057"}],"curies":[{"name":"wp","href":"https:\/\/api.w.org\/{rel}","templated":true}]}}