{"id":14053,"date":"2022-06-17T08:37:39","date_gmt":"2022-06-17T08:37:39","guid":{"rendered":"https:\/\/www.bonnysa.es\/transparency\/"},"modified":"2022-10-03T17:31:41","modified_gmt":"2022-10-03T17:31:41","slug":"transparency","status":"publish","type":"page","link":"https:\/\/www.bonnysa.es\/en\/transparency\/","title":{"rendered":"Transparency"},"content":{"rendered":"\n<div class=\"wp-block-cover alignfull is-light\" style=\"min-height:768px\" id=\"nosotros-header\"><span aria-hidden=\"true\" class=\"wp-block-cover__background has-background-dim-0 has-background-dim\"><\/span><img loading=\"lazy\" decoding=\"async\" width=\"1440\" height=\"706\" class=\"wp-block-cover__image-background wp-image-145\" alt=\"\" src=\"https:\/\/www.bonnysa.es\/wp-content\/uploads\/2022\/03\/bonnysa_nosotros_1.jpg\" data-object-fit=\"cover\" srcset=\"https:\/\/www.bonnysa.es\/wp-content\/uploads\/2022\/03\/bonnysa_nosotros_1.jpg 1440w, https:\/\/www.bonnysa.es\/wp-content\/uploads\/2022\/03\/bonnysa_nosotros_1-300x147.jpg 300w, https:\/\/www.bonnysa.es\/wp-content\/uploads\/2022\/03\/bonnysa_nosotros_1-1024x502.jpg 1024w, https:\/\/www.bonnysa.es\/wp-content\/uploads\/2022\/03\/bonnysa_nosotros_1-768x377.jpg 768w\" sizes=\"(max-width: 1440px) 100vw, 1440px\" \/><div class=\"wp-block-cover__inner-container is-layout-flow wp-block-cover-is-layout-flow\">\n<h2 class=\"has-text-align-center wp-block-heading\"><strong>Transparency Portal<\/strong><\/h2>\n\n\n\n<p class=\"has-text-align-center has-ast-global-color-5-color has-text-color\">Corporate transparency is part of our company&#8217;s corporate social responsibility (CSR) strategy; it is a voluntary act with which we want to contribute to an informed society, generating confidence in the environment by reporting on our relationship with the public administration.<\/p>\n<\/div><\/div>\n\n<div style=\"height:100px\" aria-hidden=\"true\" class=\"wp-block-spacer\"><\/div>\n\n<h3 class=\"wp-block-heading\">Group Corporate Information<\/h3>\n\n<p>The following links provide information regarding our different activities in terms of corporate, organisational, human resources, certificates, sustainability and financial information.<\/p>\n\n<h3 class=\"wp-block-heading\">Downloads<\/h3>\n\n<div class=\"wp-block-buttons is-layout-flex wp-block-buttons-is-layout-flex\">\n<div class=\"wp-block-button\"><a class=\"wp-block-button__link\" href=\"https:\/\/www.bonnysa.es\/wp-content\/uploads\/2022\/07\/Informacioin-instotucional-de-Gestioin.pdf\" target=\"_blank\" rel=\"noreferrer noopener\">Corporate Management Information<\/a><\/div>\n\n\n\n<div class=\"wp-block-button\"><a class=\"wp-block-button__link\" href=\"https:\/\/www.bonnysa.es\/wp-content\/uploads\/2022\/07\/organigrama-bonnysa.pdf\" target=\"_blank\" rel=\"noreferrer noopener\">Organigram<\/a><\/div>\n\n\n\n<div class=\"wp-block-button\"><a class=\"wp-block-button__link\" href=\"https:\/\/www.bonnysa.es\/wp-content\/uploads\/2022\/07\/INFORME-CCAA-JUNIO-2021.pdf\" target=\"_blank\" rel=\"noreferrer noopener\">Annual Accounts Information<\/a><\/div>\n\n\n\n<div class=\"wp-block-button\"><a class=\"wp-block-button__link\" href=\"https:\/\/www.bonnysa.es\/wp-content\/uploads\/2022\/07\/Compromiso-plan-igualdad.pdf\" target=\"_blank\" rel=\"noreferrer noopener\">Equality Plan Commitment<\/a><\/div>\n\n\n\n<div class=\"wp-block-button\"><a class=\"wp-block-button__link\" href=\"https:\/\/www.bonnysa.es\/wp-content\/uploads\/2022\/07\/Poliitica-Responsabilidad-Social-Abril-2021.pdf\" target=\"_blank\" rel=\"noreferrer noopener\">Social Responsibility Policy<\/a><\/div>\n\n\n\n<div class=\"wp-block-button\"><a class=\"wp-block-button__link\" href=\"https:\/\/www.bonnysa.es\/wp-content\/uploads\/2022\/07\/Certificados-RR.HH_..pdf\" target=\"_blank\" rel=\"noreferrer noopener\">HR Certificates<\/a><\/div>\n\n\n\n<div class=\"wp-block-button\"><a class=\"wp-block-button__link\" href=\"https:\/\/www.bonnysa.es\/wp-content\/uploads\/2022\/07\/documentacioin-medio-ambiental-y-de-calidad.pdf\" target=\"_blank\" rel=\"noreferrer noopener\">Sustainability and Quality Certificates<\/a><\/div>\n<\/div>\n\n<h3 class=\"wp-block-heading\">Commissioner and Transparency Law<\/h3>\n\n<p>The Commissioner for Transparency and Access to Public Information of the Canary Islands is the statutory body responsible for the promotion, analysis, control and protection of transparency and the right of access to public information in the Canary Islands. Click <a href=\"https:\/\/transparenciacanarias.org\/\" target=\"_blank\" rel=\"noreferrer noopener\">HERE<\/a> for more information. <\/p>\n\n<p>You can consult the Transparency Law by clicking <a href=\"https:\/\/www.boe.es\/eli\/es-cn\/l\/2014\/12\/26\/12\/con\" target=\"_blank\" rel=\"noreferrer noopener\">HERE<\/a>.<\/p>\n\n<p>The company did not enter into any contracts or agreements with public administrations in 2021.<\/p>\n\n<div style=\"height:100px\" aria-hidden=\"true\" class=\"wp-block-spacer\"><\/div>\n","protected":false},"excerpt":{"rendered":"<p>Group Corporate Information The following links provide information regarding our different activities in terms of corporate, organisational, human resources, certificates, sustainability and financial information. Downloads Commissioner and Transparency Law The Commissioner for Transparency and Access to Public Information of the Canary Islands is the statutory body responsible for the promotion, analysis, control and protection of &hellip;<\/p>\n<p class=\"read-more\"> <a class=\"\" href=\"https:\/\/www.bonnysa.es\/en\/transparency\/\"> <span class=\"screen-reader-text\">Transparency<\/span> Read More \u00bb<\/a><\/p>\n","protected":false},"author":1,"featured_media":0,"parent":0,"menu_order":0,"comment_status":"closed","ping_status":"closed","template":"","meta":{"_acf_changed":false,"inline_featured_image":false,"site-sidebar-layout":"default","site-content-layout":"default","ast-global-header-display":"","ast-main-header-display":"","ast-hfb-above-header-display":"","ast-hfb-below-header-display":"","ast-hfb-mobile-header-display":"","site-post-title":"disabled","ast-breadcrumbs-content":"","ast-featured-img":"","footer-sml-layout":"","theme-transparent-header-meta":"","adv-header-id-meta":"","stick-header-meta":"","header-above-stick-meta":"","header-main-stick-meta":"","header-below-stick-meta":"","footnotes":""},"acf":[],"yoast_head":"<!-- This site is optimized with the Yoast SEO plugin v19.7.1 - https:\/\/yoast.com\/wordpress\/plugins\/seo\/ -->\n<title>Transparency - Bonnysa<\/title>\n<meta name=\"robots\" content=\"index, follow, max-snippet:-1, max-image-preview:large, max-video-preview:-1\" \/>\n<link rel=\"canonical\" href=\"https:\/\/www.bonnysa.es\/en\/transparency\/\" \/>\n<meta property=\"og:locale\" content=\"en_US\" \/>\n<meta property=\"og:type\" content=\"article\" \/>\n<meta property=\"og:title\" content=\"Transparency - Bonnysa\" \/>\n<meta property=\"og:description\" content=\"Group Corporate Information The following links provide information regarding our different activities in terms of corporate, organisational, human resources, certificates, sustainability and financial information. Downloads Commissioner and Transparency Law The Commissioner for Transparency and Access to Public Information of the Canary Islands is the statutory body responsible for the promotion, analysis, control and protection of &hellip; Transparency Read More \u00bb\" \/>\n<meta property=\"og:url\" content=\"https:\/\/www.bonnysa.es\/en\/transparency\/\" \/>\n<meta property=\"og:site_name\" content=\"Bonnysa\" \/>\n<meta property=\"article:modified_time\" content=\"2022-10-03T17:31:41+00:00\" \/>\n<meta property=\"og:image\" content=\"https:\/\/www.bonnysa.es\/wp-content\/uploads\/2022\/03\/bonnysa_nosotros_1.jpg\" \/>\n<meta name=\"twitter:card\" content=\"summary_large_image\" \/>\n<meta name=\"twitter:label1\" content=\"Est. reading time\" \/>\n\t<meta name=\"twitter:data1\" content=\"1 minute\" \/>\n<script type=\"application\/ld+json\" class=\"yoast-schema-graph\">{\"@context\":\"https:\/\/schema.org\",\"@graph\":[{\"@type\":\"WebPage\",\"@id\":\"https:\/\/www.bonnysa.es\/en\/transparency\/\",\"url\":\"https:\/\/www.bonnysa.es\/en\/transparency\/\",\"name\":\"Transparency - Bonnysa\",\"isPartOf\":{\"@id\":\"https:\/\/www.bonnysa.es\/#website\"},\"datePublished\":\"2022-06-17T08:37:39+00:00\",\"dateModified\":\"2022-10-03T17:31:41+00:00\",\"breadcrumb\":{\"@id\":\"https:\/\/www.bonnysa.es\/en\/transparency\/#breadcrumb\"},\"inLanguage\":\"en-US\",\"potentialAction\":[{\"@type\":\"ReadAction\",\"target\":[\"https:\/\/www.bonnysa.es\/en\/transparency\/\"]}]},{\"@type\":\"BreadcrumbList\",\"@id\":\"https:\/\/www.bonnysa.es\/en\/transparency\/#breadcrumb\",\"itemListElement\":[{\"@type\":\"ListItem\",\"position\":1,\"name\":\"Portada\",\"item\":\"https:\/\/www.bonnysa.es\/en\/home\/\"},{\"@type\":\"ListItem\",\"position\":2,\"name\":\"Transparency\"}]},{\"@type\":\"WebSite\",\"@id\":\"https:\/\/www.bonnysa.es\/#website\",\"url\":\"https:\/\/www.bonnysa.es\/\",\"name\":\"Bonnysa\",\"description\":\"Tras m\u00e1s de 60 a\u00f1os llenando las casas de sonrisas, ahora damos el salto a hacerlo tambi\u00e9n en Internet. \u00a1Bienvenid@ a la web m\u00e1s natural del mundo mundial!\",\"publisher\":{\"@id\":\"https:\/\/www.bonnysa.es\/#organization\"},\"potentialAction\":[{\"@type\":\"SearchAction\",\"target\":{\"@type\":\"EntryPoint\",\"urlTemplate\":\"https:\/\/www.bonnysa.es\/?s={search_term_string}\"},\"query-input\":\"required name=search_term_string\"}],\"inLanguage\":\"en-US\"},{\"@type\":\"Organization\",\"@id\":\"https:\/\/www.bonnysa.es\/#organization\",\"name\":\"Bonnysa\",\"url\":\"https:\/\/www.bonnysa.es\/\",\"sameAs\":[],\"logo\":{\"@type\":\"ImageObject\",\"inLanguage\":\"en-US\",\"@id\":\"https:\/\/www.bonnysa.es\/#\/schema\/logo\/image\/\",\"url\":\"https:\/\/www.bonnysa.es\/wp-content\/uploads\/2022\/02\/logo-bonnysa.svg\",\"contentUrl\":\"https:\/\/www.bonnysa.es\/wp-content\/uploads\/2022\/02\/logo-bonnysa.svg\",\"width\":196,\"height\":85,\"caption\":\"Bonnysa\"},\"image\":{\"@id\":\"https:\/\/www.bonnysa.es\/#\/schema\/logo\/image\/\"}}]}<\/script>\n<!-- \/ Yoast SEO plugin. -->","yoast_head_json":{"title":"Transparency - Bonnysa","robots":{"index":"index","follow":"follow","max-snippet":"max-snippet:-1","max-image-preview":"max-image-preview:large","max-video-preview":"max-video-preview:-1"},"canonical":"https:\/\/www.bonnysa.es\/en\/transparency\/","og_locale":"en_US","og_type":"article","og_title":"Transparency - Bonnysa","og_description":"Group Corporate Information The following links provide information regarding our different activities in terms of corporate, organisational, human resources, certificates, sustainability and financial information. Downloads Commissioner and Transparency Law The Commissioner for Transparency and Access to Public Information of the Canary Islands is the statutory body responsible for the promotion, analysis, control and protection of &hellip; Transparency Read More \u00bb","og_url":"https:\/\/www.bonnysa.es\/en\/transparency\/","og_site_name":"Bonnysa","article_modified_time":"2022-10-03T17:31:41+00:00","og_image":[{"url":"https:\/\/www.bonnysa.es\/wp-content\/uploads\/2022\/03\/bonnysa_nosotros_1.jpg"}],"twitter_card":"summary_large_image","twitter_misc":{"Est. reading time":"1 minute"},"schema":{"@context":"https:\/\/schema.org","@graph":[{"@type":"WebPage","@id":"https:\/\/www.bonnysa.es\/en\/transparency\/","url":"https:\/\/www.bonnysa.es\/en\/transparency\/","name":"Transparency - Bonnysa","isPartOf":{"@id":"https:\/\/www.bonnysa.es\/#website"},"datePublished":"2022-06-17T08:37:39+00:00","dateModified":"2022-10-03T17:31:41+00:00","breadcrumb":{"@id":"https:\/\/www.bonnysa.es\/en\/transparency\/#breadcrumb"},"inLanguage":"en-US","potentialAction":[{"@type":"ReadAction","target":["https:\/\/www.bonnysa.es\/en\/transparency\/"]}]},{"@type":"BreadcrumbList","@id":"https:\/\/www.bonnysa.es\/en\/transparency\/#breadcrumb","itemListElement":[{"@type":"ListItem","position":1,"name":"Portada","item":"https:\/\/www.bonnysa.es\/en\/home\/"},{"@type":"ListItem","position":2,"name":"Transparency"}]},{"@type":"WebSite","@id":"https:\/\/www.bonnysa.es\/#website","url":"https:\/\/www.bonnysa.es\/","name":"Bonnysa","description":"Tras m\u00e1s de 60 a\u00f1os llenando las casas de sonrisas, ahora damos el salto a hacerlo tambi\u00e9n en Internet. \u00a1Bienvenid@ a la web m\u00e1s natural del mundo mundial!","publisher":{"@id":"https:\/\/www.bonnysa.es\/#organization"},"potentialAction":[{"@type":"SearchAction","target":{"@type":"EntryPoint","urlTemplate":"https:\/\/www.bonnysa.es\/?s={search_term_string}"},"query-input":"required name=search_term_string"}],"inLanguage":"en-US"},{"@type":"Organization","@id":"https:\/\/www.bonnysa.es\/#organization","name":"Bonnysa","url":"https:\/\/www.bonnysa.es\/","sameAs":[],"logo":{"@type":"ImageObject","inLanguage":"en-US","@id":"https:\/\/www.bonnysa.es\/#\/schema\/logo\/image\/","url":"https:\/\/www.bonnysa.es\/wp-content\/uploads\/2022\/02\/logo-bonnysa.svg","contentUrl":"https:\/\/www.bonnysa.es\/wp-content\/uploads\/2022\/02\/logo-bonnysa.svg","width":196,"height":85,"caption":"Bonnysa"},"image":{"@id":"https:\/\/www.bonnysa.es\/#\/schema\/logo\/image\/"}}]}},"_links":{"self":[{"href":"https:\/\/www.bonnysa.es\/en\/wp-json\/wp\/v2\/pages\/14053"}],"collection":[{"href":"https:\/\/www.bonnysa.es\/en\/wp-json\/wp\/v2\/pages"}],"about":[{"href":"https:\/\/www.bonnysa.es\/en\/wp-json\/wp\/v2\/types\/page"}],"author":[{"embeddable":true,"href":"https:\/\/www.bonnysa.es\/en\/wp-json\/wp\/v2\/users\/1"}],"replies":[{"embeddable":true,"href":"https:\/\/www.bonnysa.es\/en\/wp-json\/wp\/v2\/comments?post=14053"}],"version-history":[{"count":1,"href":"https:\/\/www.bonnysa.es\/en\/wp-json\/wp\/v2\/pages\/14053\/revisions"}],"predecessor-version":[{"id":14054,"href":"https:\/\/www.bonnysa.es\/en\/wp-json\/wp\/v2\/pages\/14053\/revisions\/14054"}],"wp:attachment":[{"href":"https:\/\/www.bonnysa.es\/en\/wp-json\/wp\/v2\/media?parent=14053"}],"curies":[{"name":"wp","href":"https:\/\/api.w.org\/{rel}","templated":true}]}}