{"id":14050,"date":"2022-03-01T11:13:13","date_gmt":"2022-03-01T11:13:13","guid":{"rendered":"https:\/\/www.bonnysa.es\/legal-warning\/"},"modified":"2022-10-03T17:26:13","modified_gmt":"2022-10-03T17:26:13","slug":"legal-warning","status":"publish","type":"page","link":"https:\/\/www.bonnysa.es\/en\/legal-warning\/","title":{"rendered":"Legal warning"},"content":{"rendered":"\n<p>Identification data of the owner of the website<\/p>\n\n<p>In compliance with the duty of information stipulated in article 10 of Law 34\/2002 of July 11 on Services of the Information Society and Electronic Commerce, BONNYSA AGROALIMENTARIA, SA (hereinafter BONNYSA) as owner of the website <a href=\"http:\/\/www.marinahotelbenidorm.com\/\">www.bonnysa.es<\/a> proceeds to communicate the identification data required by the aforementioned standard:<\/p>\n\n<p><strong>Company name:<\/strong> BONNYSA AGROALIMENTARIA, SA<\/p>\n\n<p><strong>Registered office:<\/strong><\/p>\n\n<p><strong>CIF:<\/strong><\/p>\n\n<p><strong>Email address:<\/strong><\/p>\n\n<p><strong>Registration data in the Mercantile Registry:<\/strong><\/p>\n\n<p>La presente informaci\u00f3n conforma y regula las condiciones de uso, las limitaciones de responsabilidad y las obligaciones que los usuarios de la p\u00e1gina Web que se publica bajo el nombre de dominio <a href=\"http:\/\/www.marinahotelbenidorm.com\/\"><strong>www.bonnysa.es<\/strong><\/a> asumen y se comprometen a respetar.<\/p>\n\n<p>Definitions<\/p>\n\n<ul><li>\u201cPage\u201d, <a href=\"http:\/\/www.marinahotelbenidorm.com\/\"><strong>bonnysa.es<\/strong><\/a> domain, which is made available to Internet Users.<\/li><li>\u201cUser\u201d, natural or legal person who uses or browses the Page.<\/li><li>\u201cContent\u201d are the pages that make up the entire <a href=\"http:\/\/www.marinahotelbenidorm.com\/\"><strong>bonnysa.es<\/strong><\/a> domain, which make up the information and services that BONNYSA makes available to Internet Users. They contain messages, texts, photographs, graphics, icons, logos, technology, links, textures, drawings, sound and\/or image files, recordings, software, appearance, graphic design and source codes and, in general, any kind of material contained in the Page.<\/li><li>&#8220;Web&#8221;, technical word that describes the system of access to information via the Internet, which is configured through pages made with HTML language or similar, and programming mechanisms such as java, javascript, PHP, or others, etc&#8230; In These pages designed and published under an Internet domain name are the result of the information that the owner makes available to Internet Users.<\/li><li>\u201cHyperlink\u201d, a technique by which a User can browse different pages of the Web, or the Internet, with a simple click on the text, icon, button or indicator that contains the link.<\/li><li>&#8220;Cookies&#8221;, technical means for &#8220;traceability&#8221; and monitoring of navigation on websites. They are small text files that are written on the User&#8217;s computer. This method has implications for privacy, so <strong>BONNYSA<\/strong> will timely and reliably notify of its use at the time they are implemented on the Page, through a link next to the privacy policy and the legal notice, called &#8220;Cookies Policy&#8221;. \u201d.<\/li><\/ul>\n\n<h3 class=\"wp-block-heading\">Terms of use<\/h3>\n\n<p>The simple and mere use of the Page grants the condition of user of the Page, whether natural or legal person, and necessarily implies the complete, full and unreserved acceptance of each and every one of the clauses and general conditions included in the Notice. Legal. If the User does not agree with the clauses and conditions of use of this Legal Notice, he will refrain from using the Page.<\/p>\n\n<p>This Legal Notice is subject to changes and updates, so the version published by <strong>BONNYSA<\/strong> may be different each time the User accesses the Portal. Therefore, the User must read the Legal Notice each and every time they access the Page.<\/p>\n\n<p>Through the Page, <strong>BONNYSA<\/strong> provides Users with access to and use of various Content published via the Internet by <strong>BONNYSA<\/strong> or by authorized third parties.<\/p>\n\n<p>The User is obliged and undertakes to use the Page and the Contents in accordance with current legislation, the Legal Notice, and any other notice or instructions made known to him, either through this legal notice or in any other place within of the Contents that make up the Page, as well as with the rules of coexistence, morality and generally accepted good customs.<\/p>\n\n<p>To this end, the User undertakes and undertakes NOT to use any of the Contents for illicit purposes or effects, prohibited in the Legal Notice or by current legislation, harmful to the rights and interests of third parties, or that in any way may damage , disable, overload, deteriorate or prevent the normal use of the Contents, computer equipment or documents, files and all kinds of content stored in any computer equipment owned or contracted by <strong>BONNYSA<\/strong>, other Users or any Internet user (hardware and software).<\/p>\n\n<p>The User undertakes and undertakes not to transmit, disseminate or make available to third parties any kind of material contained on the Page, such as information, texts, data, content, messages, graphics, drawings, sound and\/or image files. , photographs, recordings, software, logos, trademarks, icons, technology, photographs, software, links, graphic design and source codes, or any other material to which you have access as a User of the Page, without this enumeration being limitative.<\/p>\n\n<p>Likewise, in accordance with all this, the User may not:<\/p>\n\n<ul><li>Reproduce, copy, distribute, make available or in any other way publicly communicate, transform or modify the Contents, unless you have the express written authorization of <strong>BONNYSA<\/strong>, which is the owner of the corresponding rights, or if this results legally<\/li><li>Delete, manipulate or in any way alter the &#8220;copyright&#8221; and other identification data of the reservation of rights of <strong>BONNYSA<\/strong> or its owners, fingerprints and\/or digital identifiers, or any other technical means established for their<\/li><\/ul>\n\n<p>The User must refrain from obtaining and even trying to obtain the Contents using means or procedures other than those that, depending on the case, have been made available for this purpose or have been indicated for this purpose on the Web pages where they are find the Contents or, in general, those that are commonly used on the Internet for this purpose, provided that they do not entail a risk of damage or disablement of the Page, and\/or the Contents.<\/p>\n\n<h3 class=\"wp-block-heading\">Intellectual property<\/h3>\n\n<p>All trademarks, trade names or distinctive signs of any kind that appear on the Page are the property of <strong>BONNYSA<\/strong> or, where appropriate, of third parties who have authorized their use, without it being understood that the use or access to the Portal and\/or the Contents attributes to the User any right over the aforementioned trademarks, trade names and\/or distinctive signs, and without that may be understood as assigned to the User, none of the exploitation rights that exist or may exist on said Contents.<\/p>\n\n<p>Likewise, the Contents are the intellectual property of <strong>BONNYSA<\/strong>, or of third parties as the case may be, therefore, the Intellectual Property rights are owned by <strong>BONNYSA <\/strong>or third parties who have authorized their use, to whom corresponds the exclusive exercise of the rights to exploit them in any way and, in particular, the rights of reproduction, distribution, public communication and transformation.<\/p>\n\n<p>The unauthorized use of the information contained in this Website, as well as the infringement of the Intellectual or Industrial Property rights of <strong>BONNYSA<\/strong> or of third parties included in the Page that have transferred content, will give rise to the legally established responsibilities.<\/p>\n\n<h3 class=\"wp-block-heading\">Hyperlinks<\/h3>\n\n<p>Those persons who intend to establish hyperlinks between their Web page and the Page must observe and comply with the following conditions:<\/p>\n\n<ul><li>Prior authorization will not be necessary when the Hyperlink only allows access to the home page, but may not reproduce it in any way. Any other form of Hyperlink will require the express and unequivocal authorization in writing by Bonnysa.<\/li><li>No &#8220;frames&#8221; (&#8220;frames&#8221;) will be created with the Web pages or on the Web pages of <strong>BONNYSA<\/strong>.<\/li><li>No false, inaccurate, or offensive statements or indications will be made about <strong>BONNYSA<\/strong>, its directors, its employees or collaborators, or the people who are related to the Page for any reason, or the Users of the Page, or the Contents.<\/li><li>It will not be declared or implied that <strong>BONNYSA<\/strong> has authorized the Hyperlink or that it has supervised or assumed in any way the Contents offered or made available to the Web page in which the link is established.<\/li><\/ul>\n\n<p>-The Web page in which the Hyperlink is established may only contain what is strictly necessary to identify the destination of the Hyperlink.<\/p>\n\n<ul><li>The Web page in which the Hyperlink is established will not contain illicit information or content, contrary to morality and generally accepted good customs and public order, nor will it contain content contrary to any rights of<\/li><\/ul>\n\n<h3 class=\"wp-block-heading\">Page Availability<\/h3>\n\n<p><strong>BONNYSA<\/strong> does not guarantee the non-existence of interruptions or errors in accessing the Page, its Contents, or that they are updated, although it will make its best efforts to, where appropriate, avoid, correct or update them. Therefore, <strong>BONNYSA<\/strong> is not responsible for damages or losses of any kind caused to the User that are caused by failures or disconnections in the telecommunications networks that cause the suspension, cancellation or interruption of the Portal service during the provision of the same or with character previous.<\/p>\n\n<p><strong>BONNYSA <\/strong>excludes, with the exceptions contemplated in the current legislation, any responsibility for damages of any nature that may be due to the lack of availability, continuity or quality of the operation of the Page and the Contents, due to non-compliance with the expectation of utility that users may have attributed to the Page and the Contents.<\/p>\n\n<p>The function of the hyperlinks that appear on this website is exclusively to inform the user about the existence of other websites that contain information on the matter. Said Hyperlinks do not constitute any suggestion or recommendation.<\/p>\n\n<p><strong>BONNYSA <\/strong>is not responsible for the contents of said linked pages, the operation or usefulness of the Hyperlinks or the result of said links, nor does it guarantee the absence of viruses or other elements in them that may cause alterations in the computer system (hardware and software). ), the user&#8217;s documents or files, excluding any liability for damages of any kind caused to the user for this reason.<\/p>\n\n<p>Access to the Page does not imply an obligation on the part of <strong>BONNYSA<\/strong> to control the absence of viruses, worms or any other harmful computer element. The User is responsible, in any case, for the availability of adequate tools for the detection and disinfection of harmful computer programs, therefore, <strong>BONNYSA<\/strong> is not responsible for possible security errors that may occur during the provision of the Page service, nor for possible damage that may be caused to the user&#8217;s or third party&#8217;s computer system (hardware and software), the files or documents stored in it, as a result of the presence of viruses in the user&#8217;s computer used to connect to the services and contents of the Web, a malfunction of the browser or the use of non-updated versions of the same.<\/p>\n\n<h3 class=\"wp-block-heading\">Page Quality<\/h3>\n\n<p>Given the dynamic and changing environment of the information and services provided through the Page, <strong>BONNYSA<\/strong> makes its best effort, but does not guarantee the complete veracity, accuracy, reliability, usefulness and\/or timeliness of the Contents.<\/p>\n\n<p>The information contained in the pages that make up this Portal is only informative, advisory, informative and advertising. In no case do they offer or have the character of a binding or contractual commitment.<\/p>\n\n<h3 class=\"wp-block-heading\">Limitation of liability<\/h3>\n\n<p><strong>BONNYSA<\/strong> excludes all responsibility for the decisions that the User may make based on this information, as well as for possible typographical errors that the documents and graphics of the Page may contain. The information is subject to possible periodic changes without prior notice of its content due to expansion, improvement, correction or updating of the Contents.<\/p>\n\n<h3 class=\"wp-block-heading\">Notifications<\/h3>\n\n<p>All notifications and communications by <strong>BONNYSA<\/strong> to the User made by any means will be considered effective for all purposes.<\/p>\n\n<h3 class=\"wp-block-heading\">Availability of the Contents<\/h3>\n\n<p>The provision of the service of the Page and the Contents has, in principle, an indefinite duration. <strong>BONNYSA<\/strong>, however, is authorized to terminate or suspend the provision of the Page service and\/or any of the Contents at any time. When this is reasonably possible, <strong>BONNYSA<\/strong> will give prior notice of the termination or suspension of the Page.<\/p>\n\n<h3 class=\"wp-block-heading\">Personal data protection<\/h3>\n\n<p><strong>BONNYSA <\/strong>is aware of the importance of the privacy of personal data and therefore has implemented a data processing policy aimed at providing maximum security in the use and collection of the same, guaranteeing compliance with current regulations in the matter and configuring said policy as one of the basic pillars in the entity&#8217;s lines of action.<\/p>\n\n<p>Please, please read carefully the Privacy Policy of our website, whose link is found at the bottom of the page, together with this Legal Notice.<\/p>\n\n<h3 class=\"wp-block-heading\">Jurisdiction<\/h3>\n\n<p>For any questions that arise about the interpretation, application and compliance with this Legal Notice, as well as the claims that may arise from its use, all parties involved submit to the Judges and Courts of Seville, expressly waiving any other if it could correspond to them.<\/p>\n\n<h3 class=\"wp-block-heading\">Applicable legislation<\/h3>\n\n<p>The Legal Notice is governed by Spanish law.<\/p>\n\n<p>Copyright \u00a9 2018 \u2013 BONNYSA AGROALIMENTARIA, SA<\/p>\n\n<p>All copyrights are reserved by international intellectual property laws and treaties. Its copy, reproduction or dissemination, in whole or in part, by any means, is expressly prohibited.<\/p>\n","protected":false},"excerpt":{"rendered":"<p>Identification data of the owner of the website In compliance with the duty of information stipulated in article 10 of Law 34\/2002 of July 11 on Services of the Information Society and Electronic Commerce, BONNYSA AGROALIMENTARIA, SA (hereinafter BONNYSA) as owner of the website www.bonnysa.es proceeds to communicate the identification data required by the aforementioned &hellip;<\/p>\n<p class=\"read-more\"> <a class=\"\" href=\"https:\/\/www.bonnysa.es\/en\/legal-warning\/\"> <span class=\"screen-reader-text\">Legal warning<\/span> Read More \u00bb<\/a><\/p>\n","protected":false},"author":1,"featured_media":0,"parent":0,"menu_order":0,"comment_status":"closed","ping_status":"closed","template":"","meta":{"_acf_changed":false,"inline_featured_image":false,"site-sidebar-layout":"default","site-content-layout":"default","ast-global-header-display":"","ast-main-header-display":"","ast-hfb-above-header-display":"","ast-hfb-below-header-display":"","ast-hfb-mobile-header-display":"","site-post-title":"","ast-breadcrumbs-content":"","ast-featured-img":"","footer-sml-layout":"","theme-transparent-header-meta":"","adv-header-id-meta":"","stick-header-meta":"","header-above-stick-meta":"","header-main-stick-meta":"","header-below-stick-meta":"","footnotes":""},"acf":[],"yoast_head":"<!-- This site is optimized with the Yoast SEO plugin v19.7.1 - https:\/\/yoast.com\/wordpress\/plugins\/seo\/ -->\n<title>Legal warning - Bonnysa<\/title>\n<meta name=\"robots\" content=\"index, follow, max-snippet:-1, max-image-preview:large, max-video-preview:-1\" \/>\n<link rel=\"canonical\" href=\"https:\/\/www.bonnysa.es\/en\/legal-warning\/\" \/>\n<meta property=\"og:locale\" content=\"en_US\" \/>\n<meta property=\"og:type\" content=\"article\" \/>\n<meta property=\"og:title\" content=\"Legal warning - Bonnysa\" \/>\n<meta property=\"og:description\" content=\"Identification data of the owner of the website In compliance with the duty of information stipulated in article 10 of Law 34\/2002 of July 11 on Services of the Information Society and Electronic Commerce, BONNYSA AGROALIMENTARIA, SA (hereinafter BONNYSA) as owner of the website www.bonnysa.es proceeds to communicate the identification data required by the aforementioned &hellip; Legal warning Read More \u00bb\" \/>\n<meta property=\"og:url\" content=\"https:\/\/www.bonnysa.es\/en\/legal-warning\/\" \/>\n<meta property=\"og:site_name\" content=\"Bonnysa\" \/>\n<meta property=\"article:modified_time\" content=\"2022-10-03T17:26:13+00:00\" \/>\n<meta name=\"twitter:card\" content=\"summary_large_image\" \/>\n<meta name=\"twitter:label1\" content=\"Est. reading time\" \/>\n\t<meta name=\"twitter:data1\" content=\"10 minutes\" \/>\n<script type=\"application\/ld+json\" class=\"yoast-schema-graph\">{\"@context\":\"https:\/\/schema.org\",\"@graph\":[{\"@type\":\"WebPage\",\"@id\":\"https:\/\/www.bonnysa.es\/en\/legal-warning\/\",\"url\":\"https:\/\/www.bonnysa.es\/en\/legal-warning\/\",\"name\":\"Legal warning - Bonnysa\",\"isPartOf\":{\"@id\":\"https:\/\/www.bonnysa.es\/#website\"},\"datePublished\":\"2022-03-01T11:13:13+00:00\",\"dateModified\":\"2022-10-03T17:26:13+00:00\",\"breadcrumb\":{\"@id\":\"https:\/\/www.bonnysa.es\/en\/legal-warning\/#breadcrumb\"},\"inLanguage\":\"en-US\",\"potentialAction\":[{\"@type\":\"ReadAction\",\"target\":[\"https:\/\/www.bonnysa.es\/en\/legal-warning\/\"]}]},{\"@type\":\"BreadcrumbList\",\"@id\":\"https:\/\/www.bonnysa.es\/en\/legal-warning\/#breadcrumb\",\"itemListElement\":[{\"@type\":\"ListItem\",\"position\":1,\"name\":\"Portada\",\"item\":\"https:\/\/www.bonnysa.es\/en\/home\/\"},{\"@type\":\"ListItem\",\"position\":2,\"name\":\"Legal warning\"}]},{\"@type\":\"WebSite\",\"@id\":\"https:\/\/www.bonnysa.es\/#website\",\"url\":\"https:\/\/www.bonnysa.es\/\",\"name\":\"Bonnysa\",\"description\":\"Tras m\u00e1s de 60 a\u00f1os llenando las casas de sonrisas, ahora damos el salto a hacerlo tambi\u00e9n en Internet. \u00a1Bienvenid@ a la web m\u00e1s natural del mundo mundial!\",\"publisher\":{\"@id\":\"https:\/\/www.bonnysa.es\/#organization\"},\"potentialAction\":[{\"@type\":\"SearchAction\",\"target\":{\"@type\":\"EntryPoint\",\"urlTemplate\":\"https:\/\/www.bonnysa.es\/?s={search_term_string}\"},\"query-input\":\"required name=search_term_string\"}],\"inLanguage\":\"en-US\"},{\"@type\":\"Organization\",\"@id\":\"https:\/\/www.bonnysa.es\/#organization\",\"name\":\"Bonnysa\",\"url\":\"https:\/\/www.bonnysa.es\/\",\"sameAs\":[],\"logo\":{\"@type\":\"ImageObject\",\"inLanguage\":\"en-US\",\"@id\":\"https:\/\/www.bonnysa.es\/#\/schema\/logo\/image\/\",\"url\":\"https:\/\/www.bonnysa.es\/wp-content\/uploads\/2022\/02\/logo-bonnysa.svg\",\"contentUrl\":\"https:\/\/www.bonnysa.es\/wp-content\/uploads\/2022\/02\/logo-bonnysa.svg\",\"width\":196,\"height\":85,\"caption\":\"Bonnysa\"},\"image\":{\"@id\":\"https:\/\/www.bonnysa.es\/#\/schema\/logo\/image\/\"}}]}<\/script>\n<!-- \/ Yoast SEO plugin. -->","yoast_head_json":{"title":"Legal warning - Bonnysa","robots":{"index":"index","follow":"follow","max-snippet":"max-snippet:-1","max-image-preview":"max-image-preview:large","max-video-preview":"max-video-preview:-1"},"canonical":"https:\/\/www.bonnysa.es\/en\/legal-warning\/","og_locale":"en_US","og_type":"article","og_title":"Legal warning - Bonnysa","og_description":"Identification data of the owner of the website In compliance with the duty of information stipulated in article 10 of Law 34\/2002 of July 11 on Services of the Information Society and Electronic Commerce, BONNYSA AGROALIMENTARIA, SA (hereinafter BONNYSA) as owner of the website www.bonnysa.es proceeds to communicate the identification data required by the aforementioned &hellip; Legal warning Read More \u00bb","og_url":"https:\/\/www.bonnysa.es\/en\/legal-warning\/","og_site_name":"Bonnysa","article_modified_time":"2022-10-03T17:26:13+00:00","twitter_card":"summary_large_image","twitter_misc":{"Est. reading time":"10 minutes"},"schema":{"@context":"https:\/\/schema.org","@graph":[{"@type":"WebPage","@id":"https:\/\/www.bonnysa.es\/en\/legal-warning\/","url":"https:\/\/www.bonnysa.es\/en\/legal-warning\/","name":"Legal warning - Bonnysa","isPartOf":{"@id":"https:\/\/www.bonnysa.es\/#website"},"datePublished":"2022-03-01T11:13:13+00:00","dateModified":"2022-10-03T17:26:13+00:00","breadcrumb":{"@id":"https:\/\/www.bonnysa.es\/en\/legal-warning\/#breadcrumb"},"inLanguage":"en-US","potentialAction":[{"@type":"ReadAction","target":["https:\/\/www.bonnysa.es\/en\/legal-warning\/"]}]},{"@type":"BreadcrumbList","@id":"https:\/\/www.bonnysa.es\/en\/legal-warning\/#breadcrumb","itemListElement":[{"@type":"ListItem","position":1,"name":"Portada","item":"https:\/\/www.bonnysa.es\/en\/home\/"},{"@type":"ListItem","position":2,"name":"Legal warning"}]},{"@type":"WebSite","@id":"https:\/\/www.bonnysa.es\/#website","url":"https:\/\/www.bonnysa.es\/","name":"Bonnysa","description":"Tras m\u00e1s de 60 a\u00f1os llenando las casas de sonrisas, ahora damos el salto a hacerlo tambi\u00e9n en Internet. \u00a1Bienvenid@ a la web m\u00e1s natural del mundo mundial!","publisher":{"@id":"https:\/\/www.bonnysa.es\/#organization"},"potentialAction":[{"@type":"SearchAction","target":{"@type":"EntryPoint","urlTemplate":"https:\/\/www.bonnysa.es\/?s={search_term_string}"},"query-input":"required name=search_term_string"}],"inLanguage":"en-US"},{"@type":"Organization","@id":"https:\/\/www.bonnysa.es\/#organization","name":"Bonnysa","url":"https:\/\/www.bonnysa.es\/","sameAs":[],"logo":{"@type":"ImageObject","inLanguage":"en-US","@id":"https:\/\/www.bonnysa.es\/#\/schema\/logo\/image\/","url":"https:\/\/www.bonnysa.es\/wp-content\/uploads\/2022\/02\/logo-bonnysa.svg","contentUrl":"https:\/\/www.bonnysa.es\/wp-content\/uploads\/2022\/02\/logo-bonnysa.svg","width":196,"height":85,"caption":"Bonnysa"},"image":{"@id":"https:\/\/www.bonnysa.es\/#\/schema\/logo\/image\/"}}]}},"_links":{"self":[{"href":"https:\/\/www.bonnysa.es\/en\/wp-json\/wp\/v2\/pages\/14050"}],"collection":[{"href":"https:\/\/www.bonnysa.es\/en\/wp-json\/wp\/v2\/pages"}],"about":[{"href":"https:\/\/www.bonnysa.es\/en\/wp-json\/wp\/v2\/types\/page"}],"author":[{"embeddable":true,"href":"https:\/\/www.bonnysa.es\/en\/wp-json\/wp\/v2\/users\/1"}],"replies":[{"embeddable":true,"href":"https:\/\/www.bonnysa.es\/en\/wp-json\/wp\/v2\/comments?post=14050"}],"version-history":[{"count":2,"href":"https:\/\/www.bonnysa.es\/en\/wp-json\/wp\/v2\/pages\/14050\/revisions"}],"predecessor-version":[{"id":14052,"href":"https:\/\/www.bonnysa.es\/en\/wp-json\/wp\/v2\/pages\/14050\/revisions\/14052"}],"wp:attachment":[{"href":"https:\/\/www.bonnysa.es\/en\/wp-json\/wp\/v2\/media?parent=14050"}],"curies":[{"name":"wp","href":"https:\/\/api.w.org\/{rel}","templated":true}]}}