{"id":14044,"date":"2022-03-02T09:31:32","date_gmt":"2022-03-02T09:31:32","guid":{"rendered":"https:\/\/www.bonnysa.es\/cultivation-areas\/"},"modified":"2022-10-03T16:16:40","modified_gmt":"2022-10-03T16:16:40","slug":"cultivation-areas","status":"publish","type":"page","link":"https:\/\/www.bonnysa.es\/en\/about-us\/cultivation-areas\/","title":{"rendered":"Cultivation areas"},"content":{"rendered":"\n<div class=\"wp-block-cover alignfull is-light\" style=\"min-height:768px\" id=\"nosotros-header\"><span aria-hidden=\"true\" class=\"has-background-dim-0 wp-block-cover__gradient-background has-background-dim\"><\/span><img loading=\"lazy\" decoding=\"async\" width=\"1440\" height=\"706\" class=\"wp-block-cover__image-background wp-image-145\" alt=\"\" src=\"https:\/\/www.bonnysa.es\/wp-content\/uploads\/2022\/03\/bonnysa_nosotros_1.jpg\" data-object-fit=\"cover\" srcset=\"https:\/\/www.bonnysa.es\/wp-content\/uploads\/2022\/03\/bonnysa_nosotros_1.jpg 1440w, https:\/\/www.bonnysa.es\/wp-content\/uploads\/2022\/03\/bonnysa_nosotros_1-300x147.jpg 300w, https:\/\/www.bonnysa.es\/wp-content\/uploads\/2022\/03\/bonnysa_nosotros_1-1024x502.jpg 1024w, https:\/\/www.bonnysa.es\/wp-content\/uploads\/2022\/03\/bonnysa_nosotros_1-768x377.jpg 768w\" sizes=\"(max-width: 1440px) 100vw, 1440px\" \/><div class=\"wp-block-cover__inner-container is-layout-flow wp-block-cover-is-layout-flow\">\n<h2 class=\"has-text-align-center wp-block-heading\"><strong>Bonnysa es una empresa<br> hortofrut\u00edcola<\/strong><\/h2>\n\n\n\n<p class=\"has-text-align-center has-ast-global-color-5-color has-text-color\">Cultivo propio, frutas de importaci\u00f3n y productos de innovaci\u00f3n son las tres patas de producto.<\/p>\n<\/div><\/div>\n\n<div class=\"wp-block-group alignfull has-background is-layout-flow wp-block-group-is-layout-flow\" id=\"nosotros-menu\" style=\"background-color:#fdefcb\"><div class=\"wp-block-group__inner-container\"><nav style=\"text-transform:uppercase;\" class=\"is-responsive items-justified-center wp-block-navigation is-horizontal is-content-justification-center is-layout-flex wp-container-core-navigation-layout-1 wp-block-navigation-is-layout-flex\" aria-label=\"nosotros\" \n\t\t\tdata-wp-interactive\n\t\t\tdata-wp-context='{\"core\":{\"navigation\":{\"overlayOpenedBy\":[],\"type\":\"overlay\",\"roleAttribute\":\"\",\"ariaLabel\":\"Menu\"}}}'\n\t\t><button aria-haspopup=\"true\" aria-label=\"Open menu\" class=\"wp-block-navigation__responsive-container-open \" \n\t\t\tdata-wp-on--click=\"actions.core.navigation.openMenuOnClick\"\n\t\t\tdata-wp-on--keydown=\"actions.core.navigation.handleMenuKeydown\"\n\t\t><svg width=\"24\" height=\"24\" xmlns=\"http:\/\/www.w3.org\/2000\/svg\" viewBox=\"0 0 24 24\" aria-hidden=\"true\" focusable=\"false\"><rect x=\"4\" y=\"7.5\" width=\"16\" height=\"1.5\" \/><rect x=\"4\" y=\"15\" width=\"16\" height=\"1.5\" \/><\/svg><\/button>\n\t\t\t<div class=\"wp-block-navigation__responsive-container  \" style=\"\" id=\"modal-1\" \n\t\t\tdata-wp-class--has-modal-open=\"selectors.core.navigation.isMenuOpen\"\n\t\t\tdata-wp-class--is-menu-open=\"selectors.core.navigation.isMenuOpen\"\n\t\t\tdata-wp-effect=\"effects.core.navigation.initMenu\"\n\t\t\tdata-wp-on--keydown=\"actions.core.navigation.handleMenuKeydown\"\n\t\t\tdata-wp-on--focusout=\"actions.core.navigation.handleMenuFocusout\"\n\t\t\ttabindex=\"-1\"\n\t\t>\n\t\t\t\t<div class=\"wp-block-navigation__responsive-close\" tabindex=\"-1\">\n\t\t\t\t\t<div class=\"wp-block-navigation__responsive-dialog\" \n\t\t\tdata-wp-bind--aria-modal=\"selectors.core.navigation.ariaModal\"\n\t\t\tdata-wp-bind--aria-label=\"selectors.core.navigation.ariaLabel\"\n\t\t\tdata-wp-bind--role=\"selectors.core.navigation.roleAttribute\"\n\t\t\tdata-wp-effect=\"effects.core.navigation.focusFirstElement\"\n\t\t>\n\t\t\t\t\t\t\t<button aria-label=\"Close menu\" class=\"wp-block-navigation__responsive-container-close\" \n\t\t\tdata-wp-on--click=\"actions.core.navigation.closeMenuOnClick\"\n\t\t><svg xmlns=\"http:\/\/www.w3.org\/2000\/svg\" viewBox=\"0 0 24 24\" width=\"24\" height=\"24\" aria-hidden=\"true\" focusable=\"false\"><path d=\"M13 11.8l6.1-6.3-1-1-6.1 6.2-6.1-6.2-1 1 6.1 6.3-6.5 6.7 1 1 6.5-6.6 6.5 6.6 1-1z\"><\/path><\/svg><\/button>\n\t\t\t\t\t\t<div class=\"wp-block-navigation__responsive-container-content\" id=\"modal-1-content\">\n\t\t\t\t\t\t\t<ul style=\"text-transform:uppercase;\" class=\"wp-block-navigation__container is-responsive items-justified-center wp-block-navigation\"><li class=\" wp-block-navigation-item wp-block-navigation-link\"><a class=\"wp-block-navigation-item__content\"  href=\"https:\/\/www.bonnysa.es\/nosotros\/\"><span class=\"wp-block-navigation-item__label\">Bonnysa<\/span><\/a><\/li><li class=\" wp-block-navigation-item wp-block-navigation-link\"><a class=\"wp-block-navigation-item__content\"  href=\"https:\/\/www.bonnysa.es\/nosotros\/historia\/\"><span class=\"wp-block-navigation-item__label\">Historia<\/span><\/a><\/li><li class=\" wp-block-navigation-item wp-block-navigation-link\"><a class=\"wp-block-navigation-item__content\"  href=\"https:\/\/www.bonnysa.es\/nosotros\/zonas-de-cultivo\/\"><span class=\"wp-block-navigation-item__label\">Zonas de cultivo<\/span><\/a><\/li><li class=\" wp-block-navigation-item wp-block-navigation-link\"><a class=\"wp-block-navigation-item__content\"  href=\"https:\/\/www.bonnysa.es\/nosotros\/calidad\/\"><span class=\"wp-block-navigation-item__label\">Calidad<\/span><\/a><\/li><li class=\" wp-block-navigation-item wp-block-navigation-link\"><a class=\"wp-block-navigation-item__content\"  href=\"https:\/\/www.bonnysa.es\/nosotros\/rsc\/\"><span class=\"wp-block-navigation-item__label\">RSC<\/span><\/a><\/li><li class=\" wp-block-navigation-item wp-block-navigation-link\"><a class=\"wp-block-navigation-item__content\"  href=\"https:\/\/www.bonnysa.es\/nosotros\/sostenibilidad\/\"><span class=\"wp-block-navigation-item__label\">Sostenibilidad<\/span><\/a><\/li><\/ul>\n\t\t\t\t\t\t<\/div>\n\t\t\t\t\t<\/div>\n\t\t\t\t<\/div>\n\t\t\t<\/div><\/nav><\/div><\/div>\n\n<div id=\"nosotros-zona-cultivo-text\" class=\"wp-block-group is-layout-flow wp-block-group-is-layout-flow\"><div class=\"wp-block-group__inner-container\">\n<h1 class=\"has-text-align-center wp-block-heading\"><strong>The best products<\/strong> can only be found in the best cultivation areas<\/h1>\n\n\n\n<p class=\"has-text-align-center\">The cultivation areas are located close to the packaging or processing centres. This allows us to be more agile, reducing production time and the emission of pollutant gases derived from transport.<\/p>\n<\/div><\/div>\n\n<div class=\"wp-block-cover alignfull nosotros-zona-cultivo\"><span aria-hidden=\"true\" class=\"has-background-dim-0 wp-block-cover__gradient-background has-background-dim\"><\/span><img loading=\"lazy\" decoding=\"async\" width=\"1903\" height=\"883\" class=\"wp-block-cover__image-background wp-image-426\" alt=\"\" src=\"https:\/\/www.bonnysa.es\/wp-content\/uploads\/2022\/03\/Rectangle-69.jpg\" data-object-fit=\"cover\" srcset=\"https:\/\/www.bonnysa.es\/wp-content\/uploads\/2022\/03\/Rectangle-69.jpg 1903w, https:\/\/www.bonnysa.es\/wp-content\/uploads\/2022\/03\/Rectangle-69-300x139.jpg 300w, https:\/\/www.bonnysa.es\/wp-content\/uploads\/2022\/03\/Rectangle-69-1024x475.jpg 1024w, https:\/\/www.bonnysa.es\/wp-content\/uploads\/2022\/03\/Rectangle-69-768x356.jpg 768w, https:\/\/www.bonnysa.es\/wp-content\/uploads\/2022\/03\/Rectangle-69-1536x713.jpg 1536w\" sizes=\"(max-width: 1903px) 100vw, 1903px\" \/><div class=\"wp-block-cover__inner-container is-layout-flow wp-block-cover-is-layout-flow\">\n<div class=\"wp-block-columns is-layout-flex wp-container-core-columns-layout-1 wp-block-columns-is-layout-flex\">\n<div class=\"wp-block-column is-layout-flow wp-block-column-is-layout-flow\" style=\"flex-basis:50%\">\n<h2 class=\"wp-block-heading\">Murcia<\/h2>\n\n\n\n<p>Where we grow tomatoes, cucumbers and courgettes.<\/p>\n<\/div>\n\n\n\n<div class=\"wp-block-column is-layout-flow wp-block-column-is-layout-flow\" style=\"flex-basis:50%\">\n<figure class=\"wp-block-image size-full\"><img loading=\"lazy\" decoding=\"async\" width=\"393\" height=\"274\" src=\"https:\/\/www.bonnysa.es\/wp-content\/uploads\/2022\/03\/pepino-2.png\" alt=\"\" class=\"wp-image-428\" srcset=\"https:\/\/www.bonnysa.es\/wp-content\/uploads\/2022\/03\/pepino-2.png 393w, https:\/\/www.bonnysa.es\/wp-content\/uploads\/2022\/03\/pepino-2-300x209.png 300w\" sizes=\"(max-width: 393px) 100vw, 393px\" \/><\/figure>\n<\/div>\n<\/div>\n<\/div><\/div>\n\n<div class=\"wp-block-cover alignfull is-light nosotros-zona-cultivo\"><span aria-hidden=\"true\" class=\"has-background-dim-0 wp-block-cover__gradient-background has-background-dim\"><\/span><img loading=\"lazy\" decoding=\"async\" width=\"1903\" height=\"883\" class=\"wp-block-cover__image-background wp-image-425\" alt=\"\" src=\"https:\/\/www.bonnysa.es\/wp-content\/uploads\/2022\/03\/Rectangle-67.jpg\" data-object-fit=\"cover\" srcset=\"https:\/\/www.bonnysa.es\/wp-content\/uploads\/2022\/03\/Rectangle-67.jpg 1903w, https:\/\/www.bonnysa.es\/wp-content\/uploads\/2022\/03\/Rectangle-67-300x139.jpg 300w, https:\/\/www.bonnysa.es\/wp-content\/uploads\/2022\/03\/Rectangle-67-1024x475.jpg 1024w, https:\/\/www.bonnysa.es\/wp-content\/uploads\/2022\/03\/Rectangle-67-768x356.jpg 768w, https:\/\/www.bonnysa.es\/wp-content\/uploads\/2022\/03\/Rectangle-67-1536x713.jpg 1536w\" sizes=\"(max-width: 1903px) 100vw, 1903px\" \/><div class=\"wp-block-cover__inner-container is-layout-flow wp-block-cover-is-layout-flow\">\n<div class=\"wp-block-columns is-layout-flex wp-container-core-columns-layout-2 wp-block-columns-is-layout-flex\">\n<div class=\"wp-block-column is-layout-flow wp-block-column-is-layout-flow\" style=\"flex-basis:50%\">\n<h2 class=\"wp-block-heading\">Alicante<\/h2>\n\n\n\n<p>Where we grow tomatoes and grapes.<\/p>\n<\/div>\n\n\n\n<div class=\"wp-block-column is-layout-flow wp-block-column-is-layout-flow\" style=\"flex-basis:50%\">\n<figure class=\"wp-block-image size-full\"><img loading=\"lazy\" decoding=\"async\" width=\"294\" height=\"262\" src=\"https:\/\/www.bonnysa.es\/wp-content\/uploads\/2022\/03\/Group-22.png\" alt=\"\" class=\"wp-image-432\"\/><\/figure>\n<\/div>\n<\/div>\n<\/div><\/div>\n\n<div class=\"wp-block-cover alignfull nosotros-zona-cultivo\"><span aria-hidden=\"true\" class=\"has-background-dim-0 wp-block-cover__gradient-background has-background-dim\"><\/span><img loading=\"lazy\" decoding=\"async\" width=\"1903\" height=\"600\" class=\"wp-block-cover__image-background wp-image-13289\" alt=\"\" src=\"https:\/\/www.bonnysa.es\/wp-content\/uploads\/2022\/04\/AV8I0562_websize.jpg\" data-object-fit=\"cover\" srcset=\"https:\/\/www.bonnysa.es\/wp-content\/uploads\/2022\/04\/AV8I0562_websize.jpg 1903w, https:\/\/www.bonnysa.es\/wp-content\/uploads\/2022\/04\/AV8I0562_websize-300x95.jpg 300w, https:\/\/www.bonnysa.es\/wp-content\/uploads\/2022\/04\/AV8I0562_websize-1024x323.jpg 1024w, https:\/\/www.bonnysa.es\/wp-content\/uploads\/2022\/04\/AV8I0562_websize-768x242.jpg 768w, https:\/\/www.bonnysa.es\/wp-content\/uploads\/2022\/04\/AV8I0562_websize-1536x484.jpg 1536w\" sizes=\"(max-width: 1903px) 100vw, 1903px\" \/><div class=\"wp-block-cover__inner-container is-layout-flow wp-block-cover-is-layout-flow\">\n<div class=\"wp-block-columns is-layout-flex wp-container-core-columns-layout-3 wp-block-columns-is-layout-flex\">\n<div class=\"wp-block-column is-layout-flow wp-block-column-is-layout-flow\" style=\"flex-basis:50%\">\n<h2 class=\"wp-block-heading\">Tenerife<\/h2>\n\n\n\n<p>Where we grow bananas, tomatoes, pitaya and papaya.<\/p>\n<\/div>\n\n\n\n<div class=\"wp-block-column is-layout-flow wp-block-column-is-layout-flow\" style=\"flex-basis:50%\">\n<figure class=\"wp-block-image size-full\"><img loading=\"lazy\" decoding=\"async\" width=\"280\" height=\"199\" src=\"https:\/\/www.bonnysa.es\/wp-content\/uploads\/2022\/03\/Group-48-3.png\" alt=\"\" class=\"wp-image-433\"\/><\/figure>\n<\/div>\n<\/div>\n<\/div><\/div>\n","protected":false},"excerpt":{"rendered":"<p>The best products can only be found in the best cultivation areas The cultivation areas are located close to the packaging or processing centres. This allows us to be more agile, reducing production time and the emission of pollutant gases derived from transport.<\/p>\n","protected":false},"author":1,"featured_media":0,"parent":14059,"menu_order":0,"comment_status":"closed","ping_status":"closed","template":"","meta":{"_acf_changed":false,"inline_featured_image":false,"site-sidebar-layout":"default","site-content-layout":"default","ast-global-header-display":"","ast-main-header-display":"","ast-hfb-above-header-display":"","ast-hfb-below-header-display":"","ast-hfb-mobile-header-display":"","site-post-title":"disabled","ast-breadcrumbs-content":"","ast-featured-img":"","footer-sml-layout":"","theme-transparent-header-meta":"","adv-header-id-meta":"","stick-header-meta":"","header-above-stick-meta":"","header-main-stick-meta":"","header-below-stick-meta":"","footnotes":""},"acf":[],"yoast_head":"<!-- This site is optimized with the Yoast SEO plugin v19.7.1 - https:\/\/yoast.com\/wordpress\/plugins\/seo\/ -->\n<title>Cultivation areas - Bonnysa<\/title>\n<meta name=\"robots\" content=\"index, follow, max-snippet:-1, max-image-preview:large, max-video-preview:-1\" \/>\n<link rel=\"canonical\" href=\"https:\/\/www.bonnysa.es\/en\/cultivation-areas\/\" \/>\n<meta property=\"og:locale\" content=\"en_US\" \/>\n<meta property=\"og:type\" content=\"article\" \/>\n<meta property=\"og:title\" content=\"Cultivation areas - Bonnysa\" \/>\n<meta property=\"og:description\" content=\"The best products can only be found in the best cultivation areas The cultivation areas are located close to the packaging or processing centres. This allows us to be more agile, reducing production time and the emission of pollutant gases derived from transport.\" \/>\n<meta property=\"og:url\" content=\"https:\/\/www.bonnysa.es\/en\/cultivation-areas\/\" \/>\n<meta property=\"og:site_name\" content=\"Bonnysa\" \/>\n<meta property=\"article:modified_time\" content=\"2022-10-03T16:16:40+00:00\" \/>\n<meta property=\"og:image\" content=\"https:\/\/www.bonnysa.es\/wp-content\/uploads\/2022\/03\/Rectangle-69.jpg\" \/>\n<meta name=\"twitter:card\" content=\"summary_large_image\" \/>\n<script type=\"application\/ld+json\" class=\"yoast-schema-graph\">{\"@context\":\"https:\/\/schema.org\",\"@graph\":[{\"@type\":\"WebPage\",\"@id\":\"https:\/\/www.bonnysa.es\/en\/cultivation-areas\/\",\"url\":\"https:\/\/www.bonnysa.es\/en\/cultivation-areas\/\",\"name\":\"Cultivation areas - Bonnysa\",\"isPartOf\":{\"@id\":\"https:\/\/www.bonnysa.es\/#website\"},\"datePublished\":\"2022-03-02T09:31:32+00:00\",\"dateModified\":\"2022-10-03T16:16:40+00:00\",\"breadcrumb\":{\"@id\":\"https:\/\/www.bonnysa.es\/en\/cultivation-areas\/#breadcrumb\"},\"inLanguage\":\"en-US\",\"potentialAction\":[{\"@type\":\"ReadAction\",\"target\":[\"https:\/\/www.bonnysa.es\/en\/cultivation-areas\/\"]}]},{\"@type\":\"BreadcrumbList\",\"@id\":\"https:\/\/www.bonnysa.es\/en\/cultivation-areas\/#breadcrumb\",\"itemListElement\":[{\"@type\":\"ListItem\",\"position\":1,\"name\":\"Portada\",\"item\":\"https:\/\/www.bonnysa.es\/en\/home\/\"},{\"@type\":\"ListItem\",\"position\":2,\"name\":\"Cultivation areas\"}]},{\"@type\":\"WebSite\",\"@id\":\"https:\/\/www.bonnysa.es\/#website\",\"url\":\"https:\/\/www.bonnysa.es\/\",\"name\":\"Bonnysa\",\"description\":\"Tras m\u00e1s de 60 a\u00f1os llenando las casas de sonrisas, ahora damos el salto a hacerlo tambi\u00e9n en Internet. \u00a1Bienvenid@ a la web m\u00e1s natural del mundo mundial!\",\"publisher\":{\"@id\":\"https:\/\/www.bonnysa.es\/#organization\"},\"potentialAction\":[{\"@type\":\"SearchAction\",\"target\":{\"@type\":\"EntryPoint\",\"urlTemplate\":\"https:\/\/www.bonnysa.es\/?s={search_term_string}\"},\"query-input\":\"required name=search_term_string\"}],\"inLanguage\":\"en-US\"},{\"@type\":\"Organization\",\"@id\":\"https:\/\/www.bonnysa.es\/#organization\",\"name\":\"Bonnysa\",\"url\":\"https:\/\/www.bonnysa.es\/\",\"sameAs\":[],\"logo\":{\"@type\":\"ImageObject\",\"inLanguage\":\"en-US\",\"@id\":\"https:\/\/www.bonnysa.es\/#\/schema\/logo\/image\/\",\"url\":\"https:\/\/www.bonnysa.es\/wp-content\/uploads\/2022\/02\/logo-bonnysa.svg\",\"contentUrl\":\"https:\/\/www.bonnysa.es\/wp-content\/uploads\/2022\/02\/logo-bonnysa.svg\",\"width\":196,\"height\":85,\"caption\":\"Bonnysa\"},\"image\":{\"@id\":\"https:\/\/www.bonnysa.es\/#\/schema\/logo\/image\/\"}}]}<\/script>\n<!-- \/ Yoast SEO plugin. -->","yoast_head_json":{"title":"Cultivation areas - Bonnysa","robots":{"index":"index","follow":"follow","max-snippet":"max-snippet:-1","max-image-preview":"max-image-preview:large","max-video-preview":"max-video-preview:-1"},"canonical":"https:\/\/www.bonnysa.es\/en\/cultivation-areas\/","og_locale":"en_US","og_type":"article","og_title":"Cultivation areas - Bonnysa","og_description":"The best products can only be found in the best cultivation areas The cultivation areas are located close to the packaging or processing centres. This allows us to be more agile, reducing production time and the emission of pollutant gases derived from transport.","og_url":"https:\/\/www.bonnysa.es\/en\/cultivation-areas\/","og_site_name":"Bonnysa","article_modified_time":"2022-10-03T16:16:40+00:00","og_image":[{"url":"https:\/\/www.bonnysa.es\/wp-content\/uploads\/2022\/03\/Rectangle-69.jpg"}],"twitter_card":"summary_large_image","schema":{"@context":"https:\/\/schema.org","@graph":[{"@type":"WebPage","@id":"https:\/\/www.bonnysa.es\/en\/cultivation-areas\/","url":"https:\/\/www.bonnysa.es\/en\/cultivation-areas\/","name":"Cultivation areas - Bonnysa","isPartOf":{"@id":"https:\/\/www.bonnysa.es\/#website"},"datePublished":"2022-03-02T09:31:32+00:00","dateModified":"2022-10-03T16:16:40+00:00","breadcrumb":{"@id":"https:\/\/www.bonnysa.es\/en\/cultivation-areas\/#breadcrumb"},"inLanguage":"en-US","potentialAction":[{"@type":"ReadAction","target":["https:\/\/www.bonnysa.es\/en\/cultivation-areas\/"]}]},{"@type":"BreadcrumbList","@id":"https:\/\/www.bonnysa.es\/en\/cultivation-areas\/#breadcrumb","itemListElement":[{"@type":"ListItem","position":1,"name":"Portada","item":"https:\/\/www.bonnysa.es\/en\/home\/"},{"@type":"ListItem","position":2,"name":"Cultivation areas"}]},{"@type":"WebSite","@id":"https:\/\/www.bonnysa.es\/#website","url":"https:\/\/www.bonnysa.es\/","name":"Bonnysa","description":"Tras m\u00e1s de 60 a\u00f1os llenando las casas de sonrisas, ahora damos el salto a hacerlo tambi\u00e9n en Internet. \u00a1Bienvenid@ a la web m\u00e1s natural del mundo mundial!","publisher":{"@id":"https:\/\/www.bonnysa.es\/#organization"},"potentialAction":[{"@type":"SearchAction","target":{"@type":"EntryPoint","urlTemplate":"https:\/\/www.bonnysa.es\/?s={search_term_string}"},"query-input":"required name=search_term_string"}],"inLanguage":"en-US"},{"@type":"Organization","@id":"https:\/\/www.bonnysa.es\/#organization","name":"Bonnysa","url":"https:\/\/www.bonnysa.es\/","sameAs":[],"logo":{"@type":"ImageObject","inLanguage":"en-US","@id":"https:\/\/www.bonnysa.es\/#\/schema\/logo\/image\/","url":"https:\/\/www.bonnysa.es\/wp-content\/uploads\/2022\/02\/logo-bonnysa.svg","contentUrl":"https:\/\/www.bonnysa.es\/wp-content\/uploads\/2022\/02\/logo-bonnysa.svg","width":196,"height":85,"caption":"Bonnysa"},"image":{"@id":"https:\/\/www.bonnysa.es\/#\/schema\/logo\/image\/"}}]}},"_links":{"self":[{"href":"https:\/\/www.bonnysa.es\/en\/wp-json\/wp\/v2\/pages\/14044"}],"collection":[{"href":"https:\/\/www.bonnysa.es\/en\/wp-json\/wp\/v2\/pages"}],"about":[{"href":"https:\/\/www.bonnysa.es\/en\/wp-json\/wp\/v2\/types\/page"}],"author":[{"embeddable":true,"href":"https:\/\/www.bonnysa.es\/en\/wp-json\/wp\/v2\/users\/1"}],"replies":[{"embeddable":true,"href":"https:\/\/www.bonnysa.es\/en\/wp-json\/wp\/v2\/comments?post=14044"}],"version-history":[{"count":1,"href":"https:\/\/www.bonnysa.es\/en\/wp-json\/wp\/v2\/pages\/14044\/revisions"}],"predecessor-version":[{"id":14045,"href":"https:\/\/www.bonnysa.es\/en\/wp-json\/wp\/v2\/pages\/14044\/revisions\/14045"}],"up":[{"embeddable":true,"href":"https:\/\/www.bonnysa.es\/en\/wp-json\/wp\/v2\/pages\/14059"}],"wp:attachment":[{"href":"https:\/\/www.bonnysa.es\/en\/wp-json\/wp\/v2\/media?parent=14044"}],"curies":[{"name":"wp","href":"https:\/\/api.w.org\/{rel}","templated":true}]}}