{"id":14038,"date":"2022-02-23T11:54:53","date_gmt":"2022-02-23T11:54:53","guid":{"rendered":"https:\/\/www.bonnysa.es\/news\/"},"modified":"2022-10-03T15:49:20","modified_gmt":"2022-10-03T15:49:20","slug":"news","status":"publish","type":"page","link":"https:\/\/www.bonnysa.es\/en\/news\/","title":{"rendered":"News"},"content":{"rendered":"","protected":false},"excerpt":{"rendered":"","protected":false},"author":1,"featured_media":0,"parent":0,"menu_order":0,"comment_status":"closed","ping_status":"closed","template":"tp_noticias.php","meta":{"_acf_changed":false,"inline_featured_image":false,"site-sidebar-layout":"default","site-content-layout":"default","ast-global-header-display":"","ast-main-header-display":"","ast-hfb-above-header-display":"","ast-hfb-below-header-display":"","ast-hfb-mobile-header-display":"","site-post-title":"","ast-breadcrumbs-content":"","ast-featured-img":"","footer-sml-layout":"","theme-transparent-header-meta":"","adv-header-id-meta":"","stick-header-meta":"","header-above-stick-meta":"","header-main-stick-meta":"","header-below-stick-meta":"","footnotes":""},"acf":[],"yoast_head":"<!-- This site is optimized with the Yoast SEO plugin v19.7.1 - https:\/\/yoast.com\/wordpress\/plugins\/seo\/ -->\n<title>News - Bonnysa<\/title>\n<meta name=\"robots\" content=\"index, follow, max-snippet:-1, max-image-preview:large, max-video-preview:-1\" \/>\n<link rel=\"canonical\" href=\"https:\/\/www.bonnysa.es\/en\/news\/\" \/>\n<meta property=\"og:locale\" content=\"en_US\" \/>\n<meta property=\"og:type\" content=\"article\" \/>\n<meta property=\"og:title\" content=\"News - Bonnysa\" \/>\n<meta property=\"og:url\" content=\"https:\/\/www.bonnysa.es\/en\/news\/\" \/>\n<meta property=\"og:site_name\" content=\"Bonnysa\" \/>\n<meta property=\"article:modified_time\" content=\"2022-10-03T15:49:20+00:00\" \/>\n<meta name=\"twitter:card\" content=\"summary_large_image\" \/>\n<script type=\"application\/ld+json\" class=\"yoast-schema-graph\">{\"@context\":\"https:\/\/schema.org\",\"@graph\":[{\"@type\":\"WebPage\",\"@id\":\"https:\/\/www.bonnysa.es\/en\/news\/\",\"url\":\"https:\/\/www.bonnysa.es\/en\/news\/\",\"name\":\"News - Bonnysa\",\"isPartOf\":{\"@id\":\"https:\/\/www.bonnysa.es\/#website\"},\"datePublished\":\"2022-02-23T11:54:53+00:00\",\"dateModified\":\"2022-10-03T15:49:20+00:00\",\"breadcrumb\":{\"@id\":\"https:\/\/www.bonnysa.es\/en\/news\/#breadcrumb\"},\"inLanguage\":\"en-US\",\"potentialAction\":[{\"@type\":\"ReadAction\",\"target\":[\"https:\/\/www.bonnysa.es\/en\/news\/\"]}]},{\"@type\":\"BreadcrumbList\",\"@id\":\"https:\/\/www.bonnysa.es\/en\/news\/#breadcrumb\",\"itemListElement\":[{\"@type\":\"ListItem\",\"position\":1,\"name\":\"Portada\",\"item\":\"https:\/\/www.bonnysa.es\/en\/home\/\"},{\"@type\":\"ListItem\",\"position\":2,\"name\":\"News\"}]},{\"@type\":\"WebSite\",\"@id\":\"https:\/\/www.bonnysa.es\/#website\",\"url\":\"https:\/\/www.bonnysa.es\/\",\"name\":\"Bonnysa\",\"description\":\"Tras m\u00e1s de 60 a\u00f1os llenando las casas de sonrisas, ahora damos el salto a hacerlo tambi\u00e9n en Internet. \u00a1Bienvenid@ a la web m\u00e1s natural del mundo mundial!\",\"publisher\":{\"@id\":\"https:\/\/www.bonnysa.es\/#organization\"},\"potentialAction\":[{\"@type\":\"SearchAction\",\"target\":{\"@type\":\"EntryPoint\",\"urlTemplate\":\"https:\/\/www.bonnysa.es\/?s={search_term_string}\"},\"query-input\":\"required name=search_term_string\"}],\"inLanguage\":\"en-US\"},{\"@type\":\"Organization\",\"@id\":\"https:\/\/www.bonnysa.es\/#organization\",\"name\":\"Bonnysa\",\"url\":\"https:\/\/www.bonnysa.es\/\",\"sameAs\":[],\"logo\":{\"@type\":\"ImageObject\",\"inLanguage\":\"en-US\",\"@id\":\"https:\/\/www.bonnysa.es\/#\/schema\/logo\/image\/\",\"url\":\"https:\/\/www.bonnysa.es\/wp-content\/uploads\/2022\/02\/logo-bonnysa.svg\",\"contentUrl\":\"https:\/\/www.bonnysa.es\/wp-content\/uploads\/2022\/02\/logo-bonnysa.svg\",\"width\":196,\"height\":85,\"caption\":\"Bonnysa\"},\"image\":{\"@id\":\"https:\/\/www.bonnysa.es\/#\/schema\/logo\/image\/\"}}]}<\/script>\n<!-- \/ Yoast SEO plugin. -->","yoast_head_json":{"title":"News - Bonnysa","robots":{"index":"index","follow":"follow","max-snippet":"max-snippet:-1","max-image-preview":"max-image-preview:large","max-video-preview":"max-video-preview:-1"},"canonical":"https:\/\/www.bonnysa.es\/en\/news\/","og_locale":"en_US","og_type":"article","og_title":"News - Bonnysa","og_url":"https:\/\/www.bonnysa.es\/en\/news\/","og_site_name":"Bonnysa","article_modified_time":"2022-10-03T15:49:20+00:00","twitter_card":"summary_large_image","schema":{"@context":"https:\/\/schema.org","@graph":[{"@type":"WebPage","@id":"https:\/\/www.bonnysa.es\/en\/news\/","url":"https:\/\/www.bonnysa.es\/en\/news\/","name":"News - Bonnysa","isPartOf":{"@id":"https:\/\/www.bonnysa.es\/#website"},"datePublished":"2022-02-23T11:54:53+00:00","dateModified":"2022-10-03T15:49:20+00:00","breadcrumb":{"@id":"https:\/\/www.bonnysa.es\/en\/news\/#breadcrumb"},"inLanguage":"en-US","potentialAction":[{"@type":"ReadAction","target":["https:\/\/www.bonnysa.es\/en\/news\/"]}]},{"@type":"BreadcrumbList","@id":"https:\/\/www.bonnysa.es\/en\/news\/#breadcrumb","itemListElement":[{"@type":"ListItem","position":1,"name":"Portada","item":"https:\/\/www.bonnysa.es\/en\/home\/"},{"@type":"ListItem","position":2,"name":"News"}]},{"@type":"WebSite","@id":"https:\/\/www.bonnysa.es\/#website","url":"https:\/\/www.bonnysa.es\/","name":"Bonnysa","description":"Tras m\u00e1s de 60 a\u00f1os llenando las casas de sonrisas, ahora damos el salto a hacerlo tambi\u00e9n en Internet. \u00a1Bienvenid@ a la web m\u00e1s natural del mundo mundial!","publisher":{"@id":"https:\/\/www.bonnysa.es\/#organization"},"potentialAction":[{"@type":"SearchAction","target":{"@type":"EntryPoint","urlTemplate":"https:\/\/www.bonnysa.es\/?s={search_term_string}"},"query-input":"required name=search_term_string"}],"inLanguage":"en-US"},{"@type":"Organization","@id":"https:\/\/www.bonnysa.es\/#organization","name":"Bonnysa","url":"https:\/\/www.bonnysa.es\/","sameAs":[],"logo":{"@type":"ImageObject","inLanguage":"en-US","@id":"https:\/\/www.bonnysa.es\/#\/schema\/logo\/image\/","url":"https:\/\/www.bonnysa.es\/wp-content\/uploads\/2022\/02\/logo-bonnysa.svg","contentUrl":"https:\/\/www.bonnysa.es\/wp-content\/uploads\/2022\/02\/logo-bonnysa.svg","width":196,"height":85,"caption":"Bonnysa"},"image":{"@id":"https:\/\/www.bonnysa.es\/#\/schema\/logo\/image\/"}}]}},"_links":{"self":[{"href":"https:\/\/www.bonnysa.es\/en\/wp-json\/wp\/v2\/pages\/14038"}],"collection":[{"href":"https:\/\/www.bonnysa.es\/en\/wp-json\/wp\/v2\/pages"}],"about":[{"href":"https:\/\/www.bonnysa.es\/en\/wp-json\/wp\/v2\/types\/page"}],"author":[{"embeddable":true,"href":"https:\/\/www.bonnysa.es\/en\/wp-json\/wp\/v2\/users\/1"}],"replies":[{"embeddable":true,"href":"https:\/\/www.bonnysa.es\/en\/wp-json\/wp\/v2\/comments?post=14038"}],"version-history":[{"count":1,"href":"https:\/\/www.bonnysa.es\/en\/wp-json\/wp\/v2\/pages\/14038\/revisions"}],"predecessor-version":[{"id":14039,"href":"https:\/\/www.bonnysa.es\/en\/wp-json\/wp\/v2\/pages\/14038\/revisions\/14039"}],"wp:attachment":[{"href":"https:\/\/www.bonnysa.es\/en\/wp-json\/wp\/v2\/media?parent=14038"}],"curies":[{"name":"wp","href":"https:\/\/api.w.org\/{rel}","templated":true}]}}