{"id":14036,"date":"2022-03-29T11:29:12","date_gmt":"2022-03-29T11:29:12","guid":{"rendered":"https:\/\/www.bonnysa.es\/products\/innovative-products\/"},"modified":"2022-10-03T15:48:30","modified_gmt":"2022-10-03T15:48:30","slug":"innovative-products","status":"publish","type":"page","link":"https:\/\/www.bonnysa.es\/en\/products\/innovative-products\/","title":{"rendered":"Innovative Products"},"content":{"rendered":"\n<h2 class=\"has-text-align-center wp-block-heading\">Fresh, Natural and Easy<\/h2>\n\n<p class=\"has-text-align-center\">In 2006 we launched the first fresh and natural grated tomato in Europe. Today our portfolio of pre-prepared and pre-cooked convenience food products is one of the most complete, always with a focus on natural flavour, freshness and ease of consumption.<\/p>\n\n<div class=\"wp-block-image\"><figure class=\"aligncenter size-full\"><img loading=\"lazy\" decoding=\"async\" width=\"698\" height=\"431\" src=\"https:\/\/www.bonnysa.es\/wp-content\/uploads\/2022\/05\/bonnysa-bodegon-producto.jpg\" alt=\"\" class=\"wp-image-13390\" srcset=\"https:\/\/www.bonnysa.es\/wp-content\/uploads\/2022\/05\/bonnysa-bodegon-producto.jpg 698w, https:\/\/www.bonnysa.es\/wp-content\/uploads\/2022\/05\/bonnysa-bodegon-producto-300x185.jpg 300w\" sizes=\"(max-width: 698px) 100vw, 698px\" \/><\/figure><\/div>\n\n<div class=\"wp-block-columns is-layout-flex wp-container-core-columns-layout-1 wp-block-columns-is-layout-flex\">\n<div class=\"wp-block-column is-layout-flow wp-block-column-is-layout-flow\">\n<figure class=\"wp-block-image size-full\"><img loading=\"lazy\" decoding=\"async\" width=\"47\" height=\"44\" src=\"https:\/\/www.bonnysa.es\/wp-content\/uploads\/2022\/03\/dibu-tomate2-8.png\" alt=\"\" class=\"wp-image-415\"\/><\/figure>\n\n\n\n<h4 class=\"wp-block-heading\">100% Vegan Friendly<\/h4>\n\n\n\n<p>All our products have the vegan friendly seal.<\/p>\n<\/div>\n\n\n\n<div class=\"wp-block-column is-layout-flow wp-block-column-is-layout-flow\">\n<figure class=\"wp-block-image size-full\"><img loading=\"lazy\" decoding=\"async\" width=\"47\" height=\"44\" src=\"https:\/\/www.bonnysa.es\/wp-content\/uploads\/2022\/03\/dibu-tomate2-8.png\" alt=\"\" class=\"wp-image-415\"\/><\/figure>\n\n\n\n<h4 class=\"wp-block-heading\">Always Fresh<\/h4>\n\n\n\n<p>We specialise in fresh products. Raw materials from our crops and the shortest time from harvesting to processing.<\/p>\n<\/div>\n<\/div>\n\n<div class=\"wp-block-columns is-layout-flex wp-container-core-columns-layout-2 wp-block-columns-is-layout-flex\">\n<div class=\"wp-block-column is-layout-flow wp-block-column-is-layout-flow\">\n<figure class=\"wp-block-image size-full\"><img loading=\"lazy\" decoding=\"async\" width=\"47\" height=\"44\" src=\"https:\/\/www.bonnysa.es\/wp-content\/uploads\/2022\/03\/dibu-tomate2-8.png\" alt=\"\" class=\"wp-image-415\"\/><\/figure>\n\n\n\n<h4 class=\"wp-block-heading\">Recognised and Awarded<\/h4>\n\n\n\n<p>We are the brand with the longest tradition in the pre-prepared and pre-cooked convenience food range, and our products have been awarded the Flavour of the Year Seal and the Superior Taste Award\u00ae, among others.<\/p>\n<\/div>\n\n\n\n<div class=\"wp-block-column is-layout-flow wp-block-column-is-layout-flow\">\n<figure class=\"wp-block-image size-full\"><img loading=\"lazy\" decoding=\"async\" width=\"47\" height=\"44\" src=\"https:\/\/www.bonnysa.es\/wp-content\/uploads\/2022\/03\/dibu-tomate2-8.png\" alt=\"\" class=\"wp-image-415\"\/><\/figure>\n\n\n\n<h4 class=\"wp-block-heading\">Sustainability<\/h4>\n\n\n\n<p>All of our packaging is 100% recyclable, and we are also working to progressively make it from recycled or non-fossil sources.<\/p>\n<\/div>\n<\/div>\n","protected":false},"excerpt":{"rendered":"<p>Fresh, Natural and Easy In 2006 we launched the first fresh and natural grated tomato in Europe. Today our portfolio of pre-prepared and pre-cooked convenience food products is one of the most complete, always with a focus on natural flavour, freshness and ease of consumption. 100% Vegan Friendly All our products have the vegan friendly &hellip;<\/p>\n<p class=\"read-more\"> <a class=\"\" href=\"https:\/\/www.bonnysa.es\/en\/products\/innovative-products\/\"> <span class=\"screen-reader-text\">Innovative Products<\/span> Read More \u00bb<\/a><\/p>\n","protected":false},"author":1,"featured_media":0,"parent":14028,"menu_order":0,"comment_status":"closed","ping_status":"closed","template":"tp-productos-elaboracion-propia.php","meta":{"_acf_changed":false,"inline_featured_image":false,"site-sidebar-layout":"default","site-content-layout":"default","ast-global-header-display":"","ast-main-header-display":"","ast-hfb-above-header-display":"","ast-hfb-below-header-display":"","ast-hfb-mobile-header-display":"","site-post-title":"","ast-breadcrumbs-content":"","ast-featured-img":"","footer-sml-layout":"","theme-transparent-header-meta":"","adv-header-id-meta":"","stick-header-meta":"","header-above-stick-meta":"","header-main-stick-meta":"","header-below-stick-meta":"","footnotes":""},"acf":[],"yoast_head":"<!-- This site is optimized with the Yoast SEO plugin v19.7.1 - https:\/\/yoast.com\/wordpress\/plugins\/seo\/ -->\n<title>Innovative Products - Bonnysa<\/title>\n<meta name=\"robots\" content=\"index, follow, max-snippet:-1, max-image-preview:large, max-video-preview:-1\" \/>\n<link rel=\"canonical\" href=\"https:\/\/www.bonnysa.es\/en\/products\/innovative-products\/\" \/>\n<meta property=\"og:locale\" content=\"en_US\" \/>\n<meta property=\"og:type\" content=\"article\" \/>\n<meta property=\"og:title\" content=\"Innovative Products - Bonnysa\" \/>\n<meta property=\"og:description\" content=\"Fresh, Natural and Easy In 2006 we launched the first fresh and natural grated tomato in Europe. Today our portfolio of pre-prepared and pre-cooked convenience food products is one of the most complete, always with a focus on natural flavour, freshness and ease of consumption. 100% Vegan Friendly All our products have the vegan friendly &hellip; Innovative Products Read More \u00bb\" \/>\n<meta property=\"og:url\" content=\"https:\/\/www.bonnysa.es\/en\/products\/innovative-products\/\" \/>\n<meta property=\"og:site_name\" content=\"Bonnysa\" \/>\n<meta property=\"article:modified_time\" content=\"2022-10-03T15:48:30+00:00\" \/>\n<meta property=\"og:image\" content=\"https:\/\/www.bonnysa.es\/wp-content\/uploads\/2022\/05\/bonnysa-bodegon-producto.jpg\" \/>\n<meta name=\"twitter:card\" content=\"summary_large_image\" \/>\n<meta name=\"twitter:label1\" content=\"Est. reading time\" \/>\n\t<meta name=\"twitter:data1\" content=\"1 minute\" \/>\n<script type=\"application\/ld+json\" class=\"yoast-schema-graph\">{\"@context\":\"https:\/\/schema.org\",\"@graph\":[{\"@type\":\"WebPage\",\"@id\":\"https:\/\/www.bonnysa.es\/en\/products\/innovative-products\/\",\"url\":\"https:\/\/www.bonnysa.es\/en\/products\/innovative-products\/\",\"name\":\"Innovative Products - Bonnysa\",\"isPartOf\":{\"@id\":\"https:\/\/www.bonnysa.es\/#website\"},\"datePublished\":\"2022-03-29T11:29:12+00:00\",\"dateModified\":\"2022-10-03T15:48:30+00:00\",\"breadcrumb\":{\"@id\":\"https:\/\/www.bonnysa.es\/en\/products\/innovative-products\/#breadcrumb\"},\"inLanguage\":\"en-US\",\"potentialAction\":[{\"@type\":\"ReadAction\",\"target\":[\"https:\/\/www.bonnysa.es\/en\/products\/innovative-products\/\"]}]},{\"@type\":\"BreadcrumbList\",\"@id\":\"https:\/\/www.bonnysa.es\/en\/products\/innovative-products\/#breadcrumb\",\"itemListElement\":[{\"@type\":\"ListItem\",\"position\":1,\"name\":\"Portada\",\"item\":\"https:\/\/www.bonnysa.es\/en\/home\/\"},{\"@type\":\"ListItem\",\"position\":2,\"name\":\"Products\",\"item\":\"https:\/\/www.bonnysa.es\/en\/products\/\"},{\"@type\":\"ListItem\",\"position\":3,\"name\":\"Innovative Products\"}]},{\"@type\":\"WebSite\",\"@id\":\"https:\/\/www.bonnysa.es\/#website\",\"url\":\"https:\/\/www.bonnysa.es\/\",\"name\":\"Bonnysa\",\"description\":\"Tras m\u00e1s de 60 a\u00f1os llenando las casas de sonrisas, ahora damos el salto a hacerlo tambi\u00e9n en Internet. \u00a1Bienvenid@ a la web m\u00e1s natural del mundo mundial!\",\"publisher\":{\"@id\":\"https:\/\/www.bonnysa.es\/#organization\"},\"potentialAction\":[{\"@type\":\"SearchAction\",\"target\":{\"@type\":\"EntryPoint\",\"urlTemplate\":\"https:\/\/www.bonnysa.es\/?s={search_term_string}\"},\"query-input\":\"required name=search_term_string\"}],\"inLanguage\":\"en-US\"},{\"@type\":\"Organization\",\"@id\":\"https:\/\/www.bonnysa.es\/#organization\",\"name\":\"Bonnysa\",\"url\":\"https:\/\/www.bonnysa.es\/\",\"sameAs\":[],\"logo\":{\"@type\":\"ImageObject\",\"inLanguage\":\"en-US\",\"@id\":\"https:\/\/www.bonnysa.es\/#\/schema\/logo\/image\/\",\"url\":\"https:\/\/www.bonnysa.es\/wp-content\/uploads\/2022\/02\/logo-bonnysa.svg\",\"contentUrl\":\"https:\/\/www.bonnysa.es\/wp-content\/uploads\/2022\/02\/logo-bonnysa.svg\",\"width\":196,\"height\":85,\"caption\":\"Bonnysa\"},\"image\":{\"@id\":\"https:\/\/www.bonnysa.es\/#\/schema\/logo\/image\/\"}}]}<\/script>\n<!-- \/ Yoast SEO plugin. -->","yoast_head_json":{"title":"Innovative Products - Bonnysa","robots":{"index":"index","follow":"follow","max-snippet":"max-snippet:-1","max-image-preview":"max-image-preview:large","max-video-preview":"max-video-preview:-1"},"canonical":"https:\/\/www.bonnysa.es\/en\/products\/innovative-products\/","og_locale":"en_US","og_type":"article","og_title":"Innovative Products - Bonnysa","og_description":"Fresh, Natural and Easy In 2006 we launched the first fresh and natural grated tomato in Europe. Today our portfolio of pre-prepared and pre-cooked convenience food products is one of the most complete, always with a focus on natural flavour, freshness and ease of consumption. 100% Vegan Friendly All our products have the vegan friendly &hellip; Innovative Products Read More \u00bb","og_url":"https:\/\/www.bonnysa.es\/en\/products\/innovative-products\/","og_site_name":"Bonnysa","article_modified_time":"2022-10-03T15:48:30+00:00","og_image":[{"url":"https:\/\/www.bonnysa.es\/wp-content\/uploads\/2022\/05\/bonnysa-bodegon-producto.jpg"}],"twitter_card":"summary_large_image","twitter_misc":{"Est. reading time":"1 minute"},"schema":{"@context":"https:\/\/schema.org","@graph":[{"@type":"WebPage","@id":"https:\/\/www.bonnysa.es\/en\/products\/innovative-products\/","url":"https:\/\/www.bonnysa.es\/en\/products\/innovative-products\/","name":"Innovative Products - Bonnysa","isPartOf":{"@id":"https:\/\/www.bonnysa.es\/#website"},"datePublished":"2022-03-29T11:29:12+00:00","dateModified":"2022-10-03T15:48:30+00:00","breadcrumb":{"@id":"https:\/\/www.bonnysa.es\/en\/products\/innovative-products\/#breadcrumb"},"inLanguage":"en-US","potentialAction":[{"@type":"ReadAction","target":["https:\/\/www.bonnysa.es\/en\/products\/innovative-products\/"]}]},{"@type":"BreadcrumbList","@id":"https:\/\/www.bonnysa.es\/en\/products\/innovative-products\/#breadcrumb","itemListElement":[{"@type":"ListItem","position":1,"name":"Portada","item":"https:\/\/www.bonnysa.es\/en\/home\/"},{"@type":"ListItem","position":2,"name":"Products","item":"https:\/\/www.bonnysa.es\/en\/products\/"},{"@type":"ListItem","position":3,"name":"Innovative Products"}]},{"@type":"WebSite","@id":"https:\/\/www.bonnysa.es\/#website","url":"https:\/\/www.bonnysa.es\/","name":"Bonnysa","description":"Tras m\u00e1s de 60 a\u00f1os llenando las casas de sonrisas, ahora damos el salto a hacerlo tambi\u00e9n en Internet. \u00a1Bienvenid@ a la web m\u00e1s natural del mundo mundial!","publisher":{"@id":"https:\/\/www.bonnysa.es\/#organization"},"potentialAction":[{"@type":"SearchAction","target":{"@type":"EntryPoint","urlTemplate":"https:\/\/www.bonnysa.es\/?s={search_term_string}"},"query-input":"required name=search_term_string"}],"inLanguage":"en-US"},{"@type":"Organization","@id":"https:\/\/www.bonnysa.es\/#organization","name":"Bonnysa","url":"https:\/\/www.bonnysa.es\/","sameAs":[],"logo":{"@type":"ImageObject","inLanguage":"en-US","@id":"https:\/\/www.bonnysa.es\/#\/schema\/logo\/image\/","url":"https:\/\/www.bonnysa.es\/wp-content\/uploads\/2022\/02\/logo-bonnysa.svg","contentUrl":"https:\/\/www.bonnysa.es\/wp-content\/uploads\/2022\/02\/logo-bonnysa.svg","width":196,"height":85,"caption":"Bonnysa"},"image":{"@id":"https:\/\/www.bonnysa.es\/#\/schema\/logo\/image\/"}}]}},"_links":{"self":[{"href":"https:\/\/www.bonnysa.es\/en\/wp-json\/wp\/v2\/pages\/14036"}],"collection":[{"href":"https:\/\/www.bonnysa.es\/en\/wp-json\/wp\/v2\/pages"}],"about":[{"href":"https:\/\/www.bonnysa.es\/en\/wp-json\/wp\/v2\/types\/page"}],"author":[{"embeddable":true,"href":"https:\/\/www.bonnysa.es\/en\/wp-json\/wp\/v2\/users\/1"}],"replies":[{"embeddable":true,"href":"https:\/\/www.bonnysa.es\/en\/wp-json\/wp\/v2\/comments?post=14036"}],"version-history":[{"count":1,"href":"https:\/\/www.bonnysa.es\/en\/wp-json\/wp\/v2\/pages\/14036\/revisions"}],"predecessor-version":[{"id":14037,"href":"https:\/\/www.bonnysa.es\/en\/wp-json\/wp\/v2\/pages\/14036\/revisions\/14037"}],"up":[{"embeddable":true,"href":"https:\/\/www.bonnysa.es\/en\/wp-json\/wp\/v2\/pages\/14028"}],"wp:attachment":[{"href":"https:\/\/www.bonnysa.es\/en\/wp-json\/wp\/v2\/media?parent=14036"}],"curies":[{"name":"wp","href":"https:\/\/api.w.org\/{rel}","templated":true}]}}