{"id":14032,"date":"2022-03-22T11:02:07","date_gmt":"2022-03-22T11:02:07","guid":{"rendered":"https:\/\/www.bonnysa.es\/products\/tropical-and-exotic-fruit\/"},"modified":"2022-10-03T14:34:23","modified_gmt":"2022-10-03T14:34:23","slug":"tropical-and-exotic-fruit","status":"publish","type":"page","link":"https:\/\/www.bonnysa.es\/en\/products\/tropical-and-exotic-fruit\/","title":{"rendered":"Tropical and Exotic Fruit"},"content":{"rendered":"\n<h2 class=\"has-text-align-center wp-block-heading\">Yes, tropical flavours from Tenerife<\/h2>\n\n<p class=\"has-text-align-center\">Tenerife\u2019s climate, combined with selected varieties and our experience in cultivation, allow us to achieve an intense flavour with a smaller carbon footprint and optimal ripeness.<\/p>\n\n<figure class=\"wp-block-gallery aligncenter has-nested-images columns-default is-cropped wp-block-gallery-1 is-layout-flex wp-block-gallery-is-layout-flex\">\n<figure class=\"wp-block-image size-full\"><img loading=\"lazy\" decoding=\"async\" width=\"1024\" height=\"525\" data-id=\"13385\" src=\"https:\/\/www.bonnysa.es\/wp-content\/uploads\/2022\/05\/bonnysa-tenerf-1024x525.jpg\" alt=\"\" class=\"wp-image-13385\" srcset=\"https:\/\/www.bonnysa.es\/wp-content\/uploads\/2022\/05\/bonnysa-tenerf-1024x525.jpg 1024w, https:\/\/www.bonnysa.es\/wp-content\/uploads\/2022\/05\/bonnysa-tenerf-300x154.jpg 300w, https:\/\/www.bonnysa.es\/wp-content\/uploads\/2022\/05\/bonnysa-tenerf-768x394.jpg 768w, https:\/\/www.bonnysa.es\/wp-content\/uploads\/2022\/05\/bonnysa-tenerf.jpg 1422w\" sizes=\"(max-width: 1024px) 100vw, 1024px\" \/><\/figure>\n<\/figure>\n\n<div class=\"wp-block-columns is-layout-flex wp-container-core-columns-layout-1 wp-block-columns-is-layout-flex\">\n<div class=\"wp-block-column is-layout-flow wp-block-column-is-layout-flow\">\n<figure class=\"wp-block-image size-full\"><img loading=\"lazy\" decoding=\"async\" width=\"47\" height=\"44\" src=\"https:\/\/www.bonnysa.es\/wp-content\/uploads\/2022\/03\/dibu-tomate2-8.png\" alt=\"\" class=\"wp-image-415\"\/><\/figure>\n\n\n\n<h4 class=\"wp-block-heading\">Ripening on the tree<\/h4>\n\n\n\n<p>We pick the fruit at optimal ripeness. From the tree to your home and ready to eat.<\/p>\n<\/div>\n\n\n\n<div class=\"wp-block-column is-layout-flow wp-block-column-is-layout-flow\">\n<figure class=\"wp-block-image size-full\"><img loading=\"lazy\" decoding=\"async\" width=\"47\" height=\"44\" src=\"https:\/\/www.bonnysa.es\/wp-content\/uploads\/2022\/03\/dibu-tomate2-8.png\" alt=\"\" class=\"wp-image-415\"\/><\/figure>\n\n\n\n<h4 class=\"wp-block-heading\">Reduced carbon footprint<\/h4>\n\n\n\n<p>Our tropical fruit do not travel thousands of kilometres and are therefore more environmentally friendly.<\/p>\n<\/div>\n<\/div>\n\n<div class=\"wp-block-columns is-layout-flex wp-container-core-columns-layout-2 wp-block-columns-is-layout-flex\">\n<div class=\"wp-block-column is-layout-flow wp-block-column-is-layout-flow\">\n<figure class=\"wp-block-image size-full\"><img loading=\"lazy\" decoding=\"async\" width=\"47\" height=\"44\" src=\"https:\/\/www.bonnysa.es\/wp-content\/uploads\/2022\/03\/dibu-tomate2-8.png\" alt=\"\" class=\"wp-image-415\"\/><\/figure>\n\n\n\n<h4 class=\"wp-block-heading\">The largest banana producer<\/h4>\n\n\n\n<p>We are currently the largest independent banana producer, producing over 10M kilos.<\/p>\n<\/div>\n\n\n\n<div class=\"wp-block-column is-layout-flow wp-block-column-is-layout-flow\">\n<figure class=\"wp-block-image size-full\"><img loading=\"lazy\" decoding=\"async\" width=\"47\" height=\"44\" src=\"https:\/\/www.bonnysa.es\/wp-content\/uploads\/2022\/03\/dibu-tomate2-8.png\" alt=\"\" class=\"wp-image-415\"\/><\/figure>\n\n\n\n<h4 class=\"wp-block-heading\">Unique crop on the Islands<\/h4>\n\n\n\n<p>100% of our crops are grown in greenhouses to protect them from inclement weather, and we also use a cableway, the only one of its kind in Europe.<\/p>\n<\/div>\n<\/div>\n","protected":false},"excerpt":{"rendered":"<p>Yes, tropical flavours from Tenerife Tenerife\u2019s climate, combined with selected varieties and our experience in cultivation, allow us to achieve an intense flavour with a smaller carbon footprint and optimal ripeness. Ripening on the tree We pick the fruit at optimal ripeness. From the tree to your home and ready to eat. Reduced carbon footprint &hellip;<\/p>\n<p class=\"read-more\"> <a class=\"\" href=\"https:\/\/www.bonnysa.es\/en\/products\/tropical-and-exotic-fruit\/\"> <span class=\"screen-reader-text\">Tropical and Exotic Fruit<\/span> Read More \u00bb<\/a><\/p>\n","protected":false},"author":1,"featured_media":0,"parent":14028,"menu_order":0,"comment_status":"closed","ping_status":"closed","template":"tp-productos-tropicales.php","meta":{"_acf_changed":false,"inline_featured_image":false,"site-sidebar-layout":"default","site-content-layout":"default","ast-global-header-display":"","ast-main-header-display":"","ast-hfb-above-header-display":"","ast-hfb-below-header-display":"","ast-hfb-mobile-header-display":"","site-post-title":"","ast-breadcrumbs-content":"","ast-featured-img":"","footer-sml-layout":"","theme-transparent-header-meta":"","adv-header-id-meta":"","stick-header-meta":"","header-above-stick-meta":"","header-main-stick-meta":"","header-below-stick-meta":"","footnotes":""},"acf":[],"yoast_head":"<!-- This site is optimized with the Yoast SEO plugin v19.7.1 - https:\/\/yoast.com\/wordpress\/plugins\/seo\/ -->\n<title>Tropical and Exotic Fruit - Bonnysa<\/title>\n<meta name=\"robots\" content=\"index, follow, max-snippet:-1, max-image-preview:large, max-video-preview:-1\" \/>\n<link rel=\"canonical\" href=\"https:\/\/www.bonnysa.es\/en\/products\/tropical-and-exotic-fruit\/\" \/>\n<meta property=\"og:locale\" content=\"en_US\" \/>\n<meta property=\"og:type\" content=\"article\" \/>\n<meta property=\"og:title\" content=\"Tropical and Exotic Fruit - Bonnysa\" \/>\n<meta property=\"og:description\" content=\"Yes, tropical flavours from Tenerife Tenerife\u2019s climate, combined with selected varieties and our experience in cultivation, allow us to achieve an intense flavour with a smaller carbon footprint and optimal ripeness. Ripening on the tree We pick the fruit at optimal ripeness. From the tree to your home and ready to eat. Reduced carbon footprint &hellip; Tropical and Exotic Fruit Read More \u00bb\" \/>\n<meta property=\"og:url\" content=\"https:\/\/www.bonnysa.es\/en\/products\/tropical-and-exotic-fruit\/\" \/>\n<meta property=\"og:site_name\" content=\"Bonnysa\" \/>\n<meta property=\"article:modified_time\" content=\"2022-10-03T14:34:23+00:00\" \/>\n<meta property=\"og:image\" content=\"https:\/\/www.bonnysa.es\/wp-content\/uploads\/2022\/05\/bonnysa-tenerf-1024x525.jpg\" \/>\n<meta name=\"twitter:card\" content=\"summary_large_image\" \/>\n<meta name=\"twitter:label1\" content=\"Est. reading time\" \/>\n\t<meta name=\"twitter:data1\" content=\"1 minute\" \/>\n<script type=\"application\/ld+json\" class=\"yoast-schema-graph\">{\"@context\":\"https:\/\/schema.org\",\"@graph\":[{\"@type\":\"WebPage\",\"@id\":\"https:\/\/www.bonnysa.es\/en\/products\/tropical-and-exotic-fruit\/\",\"url\":\"https:\/\/www.bonnysa.es\/en\/products\/tropical-and-exotic-fruit\/\",\"name\":\"Tropical and Exotic Fruit - Bonnysa\",\"isPartOf\":{\"@id\":\"https:\/\/www.bonnysa.es\/#website\"},\"datePublished\":\"2022-03-22T11:02:07+00:00\",\"dateModified\":\"2022-10-03T14:34:23+00:00\",\"breadcrumb\":{\"@id\":\"https:\/\/www.bonnysa.es\/en\/products\/tropical-and-exotic-fruit\/#breadcrumb\"},\"inLanguage\":\"en-US\",\"potentialAction\":[{\"@type\":\"ReadAction\",\"target\":[\"https:\/\/www.bonnysa.es\/en\/products\/tropical-and-exotic-fruit\/\"]}]},{\"@type\":\"BreadcrumbList\",\"@id\":\"https:\/\/www.bonnysa.es\/en\/products\/tropical-and-exotic-fruit\/#breadcrumb\",\"itemListElement\":[{\"@type\":\"ListItem\",\"position\":1,\"name\":\"Portada\",\"item\":\"https:\/\/www.bonnysa.es\/en\/home\/\"},{\"@type\":\"ListItem\",\"position\":2,\"name\":\"Products\",\"item\":\"https:\/\/www.bonnysa.es\/en\/products\/\"},{\"@type\":\"ListItem\",\"position\":3,\"name\":\"Tropical and Exotic Fruit\"}]},{\"@type\":\"WebSite\",\"@id\":\"https:\/\/www.bonnysa.es\/#website\",\"url\":\"https:\/\/www.bonnysa.es\/\",\"name\":\"Bonnysa\",\"description\":\"Tras m\u00e1s de 60 a\u00f1os llenando las casas de sonrisas, ahora damos el salto a hacerlo tambi\u00e9n en Internet. \u00a1Bienvenid@ a la web m\u00e1s natural del mundo mundial!\",\"publisher\":{\"@id\":\"https:\/\/www.bonnysa.es\/#organization\"},\"potentialAction\":[{\"@type\":\"SearchAction\",\"target\":{\"@type\":\"EntryPoint\",\"urlTemplate\":\"https:\/\/www.bonnysa.es\/?s={search_term_string}\"},\"query-input\":\"required name=search_term_string\"}],\"inLanguage\":\"en-US\"},{\"@type\":\"Organization\",\"@id\":\"https:\/\/www.bonnysa.es\/#organization\",\"name\":\"Bonnysa\",\"url\":\"https:\/\/www.bonnysa.es\/\",\"sameAs\":[],\"logo\":{\"@type\":\"ImageObject\",\"inLanguage\":\"en-US\",\"@id\":\"https:\/\/www.bonnysa.es\/#\/schema\/logo\/image\/\",\"url\":\"https:\/\/www.bonnysa.es\/wp-content\/uploads\/2022\/02\/logo-bonnysa.svg\",\"contentUrl\":\"https:\/\/www.bonnysa.es\/wp-content\/uploads\/2022\/02\/logo-bonnysa.svg\",\"width\":196,\"height\":85,\"caption\":\"Bonnysa\"},\"image\":{\"@id\":\"https:\/\/www.bonnysa.es\/#\/schema\/logo\/image\/\"}}]}<\/script>\n<!-- \/ Yoast SEO plugin. -->","yoast_head_json":{"title":"Tropical and Exotic Fruit - Bonnysa","robots":{"index":"index","follow":"follow","max-snippet":"max-snippet:-1","max-image-preview":"max-image-preview:large","max-video-preview":"max-video-preview:-1"},"canonical":"https:\/\/www.bonnysa.es\/en\/products\/tropical-and-exotic-fruit\/","og_locale":"en_US","og_type":"article","og_title":"Tropical and Exotic Fruit - Bonnysa","og_description":"Yes, tropical flavours from Tenerife Tenerife\u2019s climate, combined with selected varieties and our experience in cultivation, allow us to achieve an intense flavour with a smaller carbon footprint and optimal ripeness. Ripening on the tree We pick the fruit at optimal ripeness. From the tree to your home and ready to eat. Reduced carbon footprint &hellip; Tropical and Exotic Fruit Read More \u00bb","og_url":"https:\/\/www.bonnysa.es\/en\/products\/tropical-and-exotic-fruit\/","og_site_name":"Bonnysa","article_modified_time":"2022-10-03T14:34:23+00:00","og_image":[{"url":"https:\/\/www.bonnysa.es\/wp-content\/uploads\/2022\/05\/bonnysa-tenerf-1024x525.jpg"}],"twitter_card":"summary_large_image","twitter_misc":{"Est. reading time":"1 minute"},"schema":{"@context":"https:\/\/schema.org","@graph":[{"@type":"WebPage","@id":"https:\/\/www.bonnysa.es\/en\/products\/tropical-and-exotic-fruit\/","url":"https:\/\/www.bonnysa.es\/en\/products\/tropical-and-exotic-fruit\/","name":"Tropical and Exotic Fruit - Bonnysa","isPartOf":{"@id":"https:\/\/www.bonnysa.es\/#website"},"datePublished":"2022-03-22T11:02:07+00:00","dateModified":"2022-10-03T14:34:23+00:00","breadcrumb":{"@id":"https:\/\/www.bonnysa.es\/en\/products\/tropical-and-exotic-fruit\/#breadcrumb"},"inLanguage":"en-US","potentialAction":[{"@type":"ReadAction","target":["https:\/\/www.bonnysa.es\/en\/products\/tropical-and-exotic-fruit\/"]}]},{"@type":"BreadcrumbList","@id":"https:\/\/www.bonnysa.es\/en\/products\/tropical-and-exotic-fruit\/#breadcrumb","itemListElement":[{"@type":"ListItem","position":1,"name":"Portada","item":"https:\/\/www.bonnysa.es\/en\/home\/"},{"@type":"ListItem","position":2,"name":"Products","item":"https:\/\/www.bonnysa.es\/en\/products\/"},{"@type":"ListItem","position":3,"name":"Tropical and Exotic Fruit"}]},{"@type":"WebSite","@id":"https:\/\/www.bonnysa.es\/#website","url":"https:\/\/www.bonnysa.es\/","name":"Bonnysa","description":"Tras m\u00e1s de 60 a\u00f1os llenando las casas de sonrisas, ahora damos el salto a hacerlo tambi\u00e9n en Internet. \u00a1Bienvenid@ a la web m\u00e1s natural del mundo mundial!","publisher":{"@id":"https:\/\/www.bonnysa.es\/#organization"},"potentialAction":[{"@type":"SearchAction","target":{"@type":"EntryPoint","urlTemplate":"https:\/\/www.bonnysa.es\/?s={search_term_string}"},"query-input":"required name=search_term_string"}],"inLanguage":"en-US"},{"@type":"Organization","@id":"https:\/\/www.bonnysa.es\/#organization","name":"Bonnysa","url":"https:\/\/www.bonnysa.es\/","sameAs":[],"logo":{"@type":"ImageObject","inLanguage":"en-US","@id":"https:\/\/www.bonnysa.es\/#\/schema\/logo\/image\/","url":"https:\/\/www.bonnysa.es\/wp-content\/uploads\/2022\/02\/logo-bonnysa.svg","contentUrl":"https:\/\/www.bonnysa.es\/wp-content\/uploads\/2022\/02\/logo-bonnysa.svg","width":196,"height":85,"caption":"Bonnysa"},"image":{"@id":"https:\/\/www.bonnysa.es\/#\/schema\/logo\/image\/"}}]}},"_links":{"self":[{"href":"https:\/\/www.bonnysa.es\/en\/wp-json\/wp\/v2\/pages\/14032"}],"collection":[{"href":"https:\/\/www.bonnysa.es\/en\/wp-json\/wp\/v2\/pages"}],"about":[{"href":"https:\/\/www.bonnysa.es\/en\/wp-json\/wp\/v2\/types\/page"}],"author":[{"embeddable":true,"href":"https:\/\/www.bonnysa.es\/en\/wp-json\/wp\/v2\/users\/1"}],"replies":[{"embeddable":true,"href":"https:\/\/www.bonnysa.es\/en\/wp-json\/wp\/v2\/comments?post=14032"}],"version-history":[{"count":1,"href":"https:\/\/www.bonnysa.es\/en\/wp-json\/wp\/v2\/pages\/14032\/revisions"}],"predecessor-version":[{"id":14033,"href":"https:\/\/www.bonnysa.es\/en\/wp-json\/wp\/v2\/pages\/14032\/revisions\/14033"}],"up":[{"embeddable":true,"href":"https:\/\/www.bonnysa.es\/en\/wp-json\/wp\/v2\/pages\/14028"}],"wp:attachment":[{"href":"https:\/\/www.bonnysa.es\/en\/wp-json\/wp\/v2\/media?parent=14032"}],"curies":[{"name":"wp","href":"https:\/\/api.w.org\/{rel}","templated":true}]}}