{"id":14030,"date":"2022-03-01T17:33:23","date_gmt":"2022-03-01T17:33:23","guid":{"rendered":"https:\/\/www.bonnysa.es\/products\/tomatoes-and-vegetables\/"},"modified":"2022-10-04T07:51:30","modified_gmt":"2022-10-04T07:51:30","slug":"tomatoes-and-vegetables","status":"publish","type":"page","link":"https:\/\/www.bonnysa.es\/en\/products\/tomatoes-and-vegetables\/","title":{"rendered":"Tomatoes and Vegetables"},"content":{"rendered":"\n<h2 class=\"has-text-align-center wp-block-heading\">From the seed to the table<\/h2>\n\n<p class=\"has-text-align-center\">Our work with tomatoes, as with the rest of our products, begins by selecting the best seeds from tested varieties to achieve maximum flavour and organoleptic characteristics.<\/p>\n\n<div class=\"wp-block-image\"><figure class=\"aligncenter size-full\"><img loading=\"lazy\" decoding=\"async\" width=\"831\" height=\"544\" src=\"https:\/\/www.bonnysa.es\/wp-content\/uploads\/2022\/03\/Rectangle-57.png\" alt=\"\" class=\"wp-image-200\" srcset=\"https:\/\/www.bonnysa.es\/wp-content\/uploads\/2022\/03\/Rectangle-57.png 831w, https:\/\/www.bonnysa.es\/wp-content\/uploads\/2022\/03\/Rectangle-57-300x196.png 300w, https:\/\/www.bonnysa.es\/wp-content\/uploads\/2022\/03\/Rectangle-57-768x503.png 768w\" sizes=\"(max-width: 831px) 100vw, 831px\" \/><\/figure><\/div>\n\n<div class=\"wp-block-columns is-layout-flex wp-container-core-columns-layout-1 wp-block-columns-is-layout-flex\">\n<div class=\"wp-block-column is-layout-flow wp-block-column-is-layout-flow\">\n<figure class=\"wp-block-image size-full\"><img loading=\"lazy\" decoding=\"async\" width=\"47\" height=\"44\" src=\"https:\/\/www.bonnysa.es\/wp-content\/uploads\/2022\/03\/dibu-tomate2-8.png\" alt=\"\" class=\"wp-image-415\"\/><\/figure>\n\n\n\n<h4 class=\"wp-block-heading\">Varieties with a high Brix value<\/h4>\n\n\n\n<p>Superior sweetness with a traditional tomato flavour.<\/p>\n<\/div>\n\n\n\n<div class=\"wp-block-column is-layout-flow wp-block-column-is-layout-flow\">\n<figure class=\"wp-block-image size-full\"><img loading=\"lazy\" decoding=\"async\" width=\"47\" height=\"44\" src=\"https:\/\/www.bonnysa.es\/wp-content\/uploads\/2022\/03\/dibu-tomate2-8.png\" alt=\"\" class=\"wp-image-415\"\/><\/figure>\n\n\n\n<h4 class=\"wp-block-heading\">Sustainable cultivation<\/h4>\n\n\n\n<p>We use and re-use every drop of water.<\/p>\n<\/div>\n<\/div>\n\n<div class=\"wp-block-columns is-layout-flex wp-container-core-columns-layout-2 wp-block-columns-is-layout-flex\">\n<div class=\"wp-block-column is-layout-flow wp-block-column-is-layout-flow\">\n<figure class=\"wp-block-image size-full\"><img loading=\"lazy\" decoding=\"async\" width=\"47\" height=\"44\" src=\"https:\/\/www.bonnysa.es\/wp-content\/uploads\/2022\/03\/dibu-tomate2-8.png\" alt=\"\" class=\"wp-image-415\"\/><\/figure>\n\n\n\n<h4 class=\"wp-block-heading\">Biological control<\/h4>\n\n\n\n<p>We use nature to help care for and protect our crops.<\/p>\n<\/div>\n\n\n\n<div class=\"wp-block-column is-layout-flow wp-block-column-is-layout-flow\">\n<figure class=\"wp-block-image size-full\"><img loading=\"lazy\" decoding=\"async\" width=\"47\" height=\"44\" src=\"https:\/\/www.bonnysa.es\/wp-content\/uploads\/2022\/03\/dibu-tomate2-8.png\" alt=\"\" class=\"wp-image-415\"\/><\/figure>\n\n\n\n<h4 class=\"wp-block-heading\">Selection<\/h4>\n\n\n\n<p>We want you to enjoy the tastiest varieties, at their optimum time of consumption and in the most suitable and sustainable formats.<\/p>\n<\/div>\n<\/div>\n","protected":false},"excerpt":{"rendered":"<p>From the seed to the table Our work with tomatoes, as with the rest of our products, begins by selecting the best seeds from tested varieties to achieve maximum flavour and organoleptic characteristics. Varieties with a high Brix value Superior sweetness with a traditional tomato flavour. Sustainable cultivation We use and re-use every drop of &hellip;<\/p>\n<p class=\"read-more\"> <a class=\"\" href=\"https:\/\/www.bonnysa.es\/en\/products\/tomatoes-and-vegetables\/\"> <span class=\"screen-reader-text\">Tomatoes and Vegetables<\/span> Read More \u00bb<\/a><\/p>\n","protected":false},"author":1,"featured_media":0,"parent":14028,"menu_order":0,"comment_status":"closed","ping_status":"closed","template":"tp-productos-tomates.php","meta":{"_acf_changed":false,"inline_featured_image":false,"site-sidebar-layout":"default","site-content-layout":"default","ast-global-header-display":"","ast-main-header-display":"","ast-hfb-above-header-display":"","ast-hfb-below-header-display":"","ast-hfb-mobile-header-display":"","site-post-title":"disabled","ast-breadcrumbs-content":"","ast-featured-img":"","footer-sml-layout":"","theme-transparent-header-meta":"","adv-header-id-meta":"","stick-header-meta":"","header-above-stick-meta":"","header-main-stick-meta":"","header-below-stick-meta":"","footnotes":""},"acf":[],"yoast_head":"<!-- This site is optimized with the Yoast SEO plugin v19.7.1 - https:\/\/yoast.com\/wordpress\/plugins\/seo\/ -->\n<title>Tomatoes and Vegetables - Bonnysa<\/title>\n<meta name=\"robots\" content=\"index, follow, max-snippet:-1, max-image-preview:large, max-video-preview:-1\" \/>\n<link rel=\"canonical\" href=\"https:\/\/www.bonnysa.es\/en\/products\/tomatoes-and-vegetables\/\" \/>\n<meta property=\"og:locale\" content=\"en_US\" \/>\n<meta property=\"og:type\" content=\"article\" \/>\n<meta property=\"og:title\" content=\"Tomatoes and Vegetables - Bonnysa\" \/>\n<meta property=\"og:description\" content=\"From the seed to the table Our work with tomatoes, as with the rest of our products, begins by selecting the best seeds from tested varieties to achieve maximum flavour and organoleptic characteristics. Varieties with a high Brix value Superior sweetness with a traditional tomato flavour. Sustainable cultivation We use and re-use every drop of &hellip; Tomatoes and Vegetables Read More \u00bb\" \/>\n<meta property=\"og:url\" content=\"https:\/\/www.bonnysa.es\/en\/products\/tomatoes-and-vegetables\/\" \/>\n<meta property=\"og:site_name\" content=\"Bonnysa\" \/>\n<meta property=\"article:modified_time\" content=\"2022-10-04T07:51:30+00:00\" \/>\n<meta property=\"og:image\" content=\"https:\/\/www.bonnysa.es\/wp-content\/uploads\/2022\/03\/Rectangle-57.png\" \/>\n<meta name=\"twitter:card\" content=\"summary_large_image\" \/>\n<meta name=\"twitter:label1\" content=\"Est. reading time\" \/>\n\t<meta name=\"twitter:data1\" content=\"2 minutes\" \/>\n<script type=\"application\/ld+json\" class=\"yoast-schema-graph\">{\"@context\":\"https:\/\/schema.org\",\"@graph\":[{\"@type\":\"WebPage\",\"@id\":\"https:\/\/www.bonnysa.es\/en\/products\/tomatoes-and-vegetables\/\",\"url\":\"https:\/\/www.bonnysa.es\/en\/products\/tomatoes-and-vegetables\/\",\"name\":\"Tomatoes and Vegetables - Bonnysa\",\"isPartOf\":{\"@id\":\"https:\/\/www.bonnysa.es\/#website\"},\"datePublished\":\"2022-03-01T17:33:23+00:00\",\"dateModified\":\"2022-10-04T07:51:30+00:00\",\"breadcrumb\":{\"@id\":\"https:\/\/www.bonnysa.es\/en\/products\/tomatoes-and-vegetables\/#breadcrumb\"},\"inLanguage\":\"en-US\",\"potentialAction\":[{\"@type\":\"ReadAction\",\"target\":[\"https:\/\/www.bonnysa.es\/en\/products\/tomatoes-and-vegetables\/\"]}]},{\"@type\":\"BreadcrumbList\",\"@id\":\"https:\/\/www.bonnysa.es\/en\/products\/tomatoes-and-vegetables\/#breadcrumb\",\"itemListElement\":[{\"@type\":\"ListItem\",\"position\":1,\"name\":\"Portada\",\"item\":\"https:\/\/www.bonnysa.es\/en\/home\/\"},{\"@type\":\"ListItem\",\"position\":2,\"name\":\"Products\",\"item\":\"https:\/\/www.bonnysa.es\/en\/products\/\"},{\"@type\":\"ListItem\",\"position\":3,\"name\":\"Tomatoes and Vegetables\"}]},{\"@type\":\"WebSite\",\"@id\":\"https:\/\/www.bonnysa.es\/#website\",\"url\":\"https:\/\/www.bonnysa.es\/\",\"name\":\"Bonnysa\",\"description\":\"Tras m\u00e1s de 60 a\u00f1os llenando las casas de sonrisas, ahora damos el salto a hacerlo tambi\u00e9n en Internet. \u00a1Bienvenid@ a la web m\u00e1s natural del mundo mundial!\",\"publisher\":{\"@id\":\"https:\/\/www.bonnysa.es\/#organization\"},\"potentialAction\":[{\"@type\":\"SearchAction\",\"target\":{\"@type\":\"EntryPoint\",\"urlTemplate\":\"https:\/\/www.bonnysa.es\/?s={search_term_string}\"},\"query-input\":\"required name=search_term_string\"}],\"inLanguage\":\"en-US\"},{\"@type\":\"Organization\",\"@id\":\"https:\/\/www.bonnysa.es\/#organization\",\"name\":\"Bonnysa\",\"url\":\"https:\/\/www.bonnysa.es\/\",\"sameAs\":[],\"logo\":{\"@type\":\"ImageObject\",\"inLanguage\":\"en-US\",\"@id\":\"https:\/\/www.bonnysa.es\/#\/schema\/logo\/image\/\",\"url\":\"https:\/\/www.bonnysa.es\/wp-content\/uploads\/2022\/02\/logo-bonnysa.svg\",\"contentUrl\":\"https:\/\/www.bonnysa.es\/wp-content\/uploads\/2022\/02\/logo-bonnysa.svg\",\"width\":196,\"height\":85,\"caption\":\"Bonnysa\"},\"image\":{\"@id\":\"https:\/\/www.bonnysa.es\/#\/schema\/logo\/image\/\"}}]}<\/script>\n<!-- \/ Yoast SEO plugin. -->","yoast_head_json":{"title":"Tomatoes and Vegetables - Bonnysa","robots":{"index":"index","follow":"follow","max-snippet":"max-snippet:-1","max-image-preview":"max-image-preview:large","max-video-preview":"max-video-preview:-1"},"canonical":"https:\/\/www.bonnysa.es\/en\/products\/tomatoes-and-vegetables\/","og_locale":"en_US","og_type":"article","og_title":"Tomatoes and Vegetables - Bonnysa","og_description":"From the seed to the table Our work with tomatoes, as with the rest of our products, begins by selecting the best seeds from tested varieties to achieve maximum flavour and organoleptic characteristics. Varieties with a high Brix value Superior sweetness with a traditional tomato flavour. Sustainable cultivation We use and re-use every drop of &hellip; Tomatoes and Vegetables Read More \u00bb","og_url":"https:\/\/www.bonnysa.es\/en\/products\/tomatoes-and-vegetables\/","og_site_name":"Bonnysa","article_modified_time":"2022-10-04T07:51:30+00:00","og_image":[{"url":"https:\/\/www.bonnysa.es\/wp-content\/uploads\/2022\/03\/Rectangle-57.png"}],"twitter_card":"summary_large_image","twitter_misc":{"Est. reading time":"2 minutes"},"schema":{"@context":"https:\/\/schema.org","@graph":[{"@type":"WebPage","@id":"https:\/\/www.bonnysa.es\/en\/products\/tomatoes-and-vegetables\/","url":"https:\/\/www.bonnysa.es\/en\/products\/tomatoes-and-vegetables\/","name":"Tomatoes and Vegetables - Bonnysa","isPartOf":{"@id":"https:\/\/www.bonnysa.es\/#website"},"datePublished":"2022-03-01T17:33:23+00:00","dateModified":"2022-10-04T07:51:30+00:00","breadcrumb":{"@id":"https:\/\/www.bonnysa.es\/en\/products\/tomatoes-and-vegetables\/#breadcrumb"},"inLanguage":"en-US","potentialAction":[{"@type":"ReadAction","target":["https:\/\/www.bonnysa.es\/en\/products\/tomatoes-and-vegetables\/"]}]},{"@type":"BreadcrumbList","@id":"https:\/\/www.bonnysa.es\/en\/products\/tomatoes-and-vegetables\/#breadcrumb","itemListElement":[{"@type":"ListItem","position":1,"name":"Portada","item":"https:\/\/www.bonnysa.es\/en\/home\/"},{"@type":"ListItem","position":2,"name":"Products","item":"https:\/\/www.bonnysa.es\/en\/products\/"},{"@type":"ListItem","position":3,"name":"Tomatoes and Vegetables"}]},{"@type":"WebSite","@id":"https:\/\/www.bonnysa.es\/#website","url":"https:\/\/www.bonnysa.es\/","name":"Bonnysa","description":"Tras m\u00e1s de 60 a\u00f1os llenando las casas de sonrisas, ahora damos el salto a hacerlo tambi\u00e9n en Internet. \u00a1Bienvenid@ a la web m\u00e1s natural del mundo mundial!","publisher":{"@id":"https:\/\/www.bonnysa.es\/#organization"},"potentialAction":[{"@type":"SearchAction","target":{"@type":"EntryPoint","urlTemplate":"https:\/\/www.bonnysa.es\/?s={search_term_string}"},"query-input":"required name=search_term_string"}],"inLanguage":"en-US"},{"@type":"Organization","@id":"https:\/\/www.bonnysa.es\/#organization","name":"Bonnysa","url":"https:\/\/www.bonnysa.es\/","sameAs":[],"logo":{"@type":"ImageObject","inLanguage":"en-US","@id":"https:\/\/www.bonnysa.es\/#\/schema\/logo\/image\/","url":"https:\/\/www.bonnysa.es\/wp-content\/uploads\/2022\/02\/logo-bonnysa.svg","contentUrl":"https:\/\/www.bonnysa.es\/wp-content\/uploads\/2022\/02\/logo-bonnysa.svg","width":196,"height":85,"caption":"Bonnysa"},"image":{"@id":"https:\/\/www.bonnysa.es\/#\/schema\/logo\/image\/"}}]}},"_links":{"self":[{"href":"https:\/\/www.bonnysa.es\/en\/wp-json\/wp\/v2\/pages\/14030"}],"collection":[{"href":"https:\/\/www.bonnysa.es\/en\/wp-json\/wp\/v2\/pages"}],"about":[{"href":"https:\/\/www.bonnysa.es\/en\/wp-json\/wp\/v2\/types\/page"}],"author":[{"embeddable":true,"href":"https:\/\/www.bonnysa.es\/en\/wp-json\/wp\/v2\/users\/1"}],"replies":[{"embeddable":true,"href":"https:\/\/www.bonnysa.es\/en\/wp-json\/wp\/v2\/comments?post=14030"}],"version-history":[{"count":3,"href":"https:\/\/www.bonnysa.es\/en\/wp-json\/wp\/v2\/pages\/14030\/revisions"}],"predecessor-version":[{"id":14176,"href":"https:\/\/www.bonnysa.es\/en\/wp-json\/wp\/v2\/pages\/14030\/revisions\/14176"}],"up":[{"embeddable":true,"href":"https:\/\/www.bonnysa.es\/en\/wp-json\/wp\/v2\/pages\/14028"}],"wp:attachment":[{"href":"https:\/\/www.bonnysa.es\/en\/wp-json\/wp\/v2\/media?parent=14030"}],"curies":[{"name":"wp","href":"https:\/\/api.w.org\/{rel}","templated":true}]}}