{"id":14028,"date":"2022-02-23T11:54:29","date_gmt":"2022-02-23T11:54:29","guid":{"rendered":"https:\/\/www.bonnysa.es\/products\/"},"modified":"2022-10-03T20:13:39","modified_gmt":"2022-10-03T20:13:39","slug":"products","status":"publish","type":"page","link":"https:\/\/www.bonnysa.es\/en\/products\/","title":{"rendered":"Products"},"content":{"rendered":"\n<div class=\"wp-block-media-text alignwide has-media-on-the-right is-stacked-on-mobile\" style=\"grid-template-columns:auto 40%\" id=\"productos-claim\"><figure class=\"wp-block-media-text__media\"><img loading=\"lazy\" decoding=\"async\" width=\"446\" height=\"461\" src=\"https:\/\/www.bonnysa.es\/wp-content\/uploads\/2022\/03\/gazpacho1.png\" alt=\"\" class=\"wp-image-351 size-full\" srcset=\"https:\/\/www.bonnysa.es\/wp-content\/uploads\/2022\/03\/gazpacho1.png 446w, https:\/\/www.bonnysa.es\/wp-content\/uploads\/2022\/03\/gazpacho1-290x300.png 290w\" sizes=\"(max-width: 446px) 100vw, 446px\" \/><\/figure><div class=\"wp-block-media-text__content\">\n<h2 class=\"has-text-color wp-block-heading\" style=\"color:#da3c02\"><strong>We cultivate and make the best of the land<\/strong><\/h2>\n\n\n\n<p>Our passion and experience in agriculture to offer you high added value products. Tropical fruit grown in Tenerife, 100% national tomatoes, award-winning Flavour of the Year guacamole&#8230; visit and enjoy.<\/p>\n<\/div><\/div>\n\n<div class=\"wp-block-columns productos-banners is-layout-flex wp-container-core-columns-layout-1 wp-block-columns-is-layout-flex\">\n<div class=\"wp-block-column is-layout-flow wp-block-column-is-layout-flow\" id=\"productos-banners-tomates\">\n<div class=\"wp-block-cover\"><span aria-hidden=\"true\" class=\"has-background-dim-0 wp-block-cover__gradient-background has-background-dim\"><\/span><img loading=\"lazy\" decoding=\"async\" width=\"406\" height=\"416\" class=\"wp-block-cover__image-background wp-image-333\" alt=\"\" src=\"https:\/\/www.bonnysa.es\/wp-content\/uploads\/2022\/03\/terra2-1.png\" data-object-fit=\"cover\" srcset=\"https:\/\/www.bonnysa.es\/wp-content\/uploads\/2022\/03\/terra2-1.png 406w, https:\/\/www.bonnysa.es\/wp-content\/uploads\/2022\/03\/terra2-1-293x300.png 293w\" sizes=\"(max-width: 406px) 100vw, 406px\" \/><div class=\"wp-block-cover__inner-container is-layout-flow wp-block-cover-is-layout-flow\">\n<figure class=\"wp-block-image size-full\"><a href=\"https:\/\/www.bonnysa.es\/en\/products\/tomatoes-and-vegetables\/\"><img loading=\"lazy\" decoding=\"async\" width=\"470\" height=\"351\" src=\"https:\/\/www.bonnysa.es\/wp-content\/uploads\/2022\/03\/Tomates-y-hortalizas.png\" alt=\"\" class=\"wp-image-334\" srcset=\"https:\/\/www.bonnysa.es\/wp-content\/uploads\/2022\/03\/Tomates-y-hortalizas.png 470w, https:\/\/www.bonnysa.es\/wp-content\/uploads\/2022\/03\/Tomates-y-hortalizas-300x224.png 300w\" sizes=\"(max-width: 470px) 100vw, 470px\" \/><\/a><\/figure>\n\n\n\n<h5 class=\"wp-block-heading\">Land-grown produce<\/h5>\n\n\n\n<h2 class=\"wp-block-heading\"><a href=\"https:\/\/www.bonnysa.es\/en\/products\/tomatoes-and-vegetables\/\" data-type=\"URL\" data-id=\"https:\/\/www.bonnysa.es\/productos\/tomates-y-hortalizas\/\">Tomatoes and Vegetables<\/a><\/h2>\n\n\n\n<p>Tomato experts since 1956. Discover our varieties.<\/p>\n<\/div><\/div>\n<\/div>\n\n\n\n<div class=\"wp-block-column is-layout-flow wp-block-column-is-layout-flow\" id=\"productos-banners-tropicales\">\n<div class=\"wp-block-cover\"><span aria-hidden=\"true\" class=\"has-background-dim-0 wp-block-cover__gradient-background has-background-dim\"><\/span><img loading=\"lazy\" decoding=\"async\" width=\"406\" height=\"416\" class=\"wp-block-cover__image-background wp-image-333\" alt=\"\" src=\"https:\/\/www.bonnysa.es\/wp-content\/uploads\/2022\/03\/terra2-1.png\" data-object-fit=\"cover\" srcset=\"https:\/\/www.bonnysa.es\/wp-content\/uploads\/2022\/03\/terra2-1.png 406w, https:\/\/www.bonnysa.es\/wp-content\/uploads\/2022\/03\/terra2-1-293x300.png 293w\" sizes=\"(max-width: 406px) 100vw, 406px\" \/><div class=\"wp-block-cover__inner-container is-layout-flow wp-block-cover-is-layout-flow\">\n<figure class=\"wp-block-image size-full\"><img loading=\"lazy\" decoding=\"async\" width=\"475\" height=\"367\" src=\"https:\/\/www.bonnysa.es\/wp-content\/uploads\/2022\/04\/frutas-2.png\" alt=\"\" class=\"wp-image-12827\" srcset=\"https:\/\/www.bonnysa.es\/wp-content\/uploads\/2022\/04\/frutas-2.png 475w, https:\/\/www.bonnysa.es\/wp-content\/uploads\/2022\/04\/frutas-2-300x232.png 300w\" sizes=\"(max-width: 475px) 100vw, 475px\" \/><\/figure>\n\n\n\n<h5 class=\"wp-block-heading\">Land-grown produce<\/h5>\n\n\n\n<h2 class=\"wp-block-heading\"><a href=\"https:\/\/www.bonnysa.es\/en\/products\/tropical-and-exotic-fruit\/\" data-type=\"URL\" data-id=\"https:\/\/www.bonnysa.es\/productos\/tropicales\/\">Tropical and Exotic Fruit<\/a><\/h2>\n\n\n\n<p>Be seduced by the intense flavour of our tropical fruit grown in Tenerife.<\/p>\n<\/div><\/div>\n<\/div>\n<\/div>\n\n<div class=\"wp-block-columns productos-banners is-layout-flex wp-container-core-columns-layout-2 wp-block-columns-is-layout-flex\">\n<div class=\"wp-block-column is-layout-flow wp-block-column-is-layout-flow\" id=\"productos-banners-frutas\">\n<div class=\"wp-block-cover\"><span aria-hidden=\"true\" class=\"has-background-dim-0 wp-block-cover__gradient-background has-background-dim\"><\/span><img loading=\"lazy\" decoding=\"async\" width=\"406\" height=\"416\" class=\"wp-block-cover__image-background wp-image-333\" alt=\"\" src=\"https:\/\/www.bonnysa.es\/wp-content\/uploads\/2022\/03\/terra2-1.png\" data-object-fit=\"cover\" srcset=\"https:\/\/www.bonnysa.es\/wp-content\/uploads\/2022\/03\/terra2-1.png 406w, https:\/\/www.bonnysa.es\/wp-content\/uploads\/2022\/03\/terra2-1-293x300.png 293w\" sizes=\"(max-width: 406px) 100vw, 406px\" \/><div class=\"wp-block-cover__inner-container is-layout-flow wp-block-cover-is-layout-flow\">\n<figure class=\"wp-block-image size-full\"><a href=\"https:\/\/www.bonnysa.es\/en\/products\/grapes\/\"><img loading=\"lazy\" decoding=\"async\" width=\"368\" height=\"290\" src=\"https:\/\/www.bonnysa.es\/wp-content\/uploads\/2022\/03\/vas-1.png\" alt=\"\" class=\"wp-image-365\" srcset=\"https:\/\/www.bonnysa.es\/wp-content\/uploads\/2022\/03\/vas-1.png 368w, https:\/\/www.bonnysa.es\/wp-content\/uploads\/2022\/03\/vas-1-300x236.png 300w\" sizes=\"(max-width: 368px) 100vw, 368px\" \/><\/a><\/figure>\n\n\n\n<h5 class=\"wp-block-heading\">Land-grown produce<\/h5>\n\n\n\n<h2 class=\"wp-block-heading\"><a href=\"https:\/\/www.bonnysa.es\/en\/products\/grapes\/\" data-type=\"URL\">Grapes<\/a><\/h2>\n\n\n\n<p>The sweetest and crunchiest seedless varieties. You will love them.<\/p>\n<\/div><\/div>\n<\/div>\n\n\n\n<div class=\"wp-block-column is-layout-flow wp-block-column-is-layout-flow\" id=\"productos-banners-elaboracion-propia\">\n<div class=\"wp-block-cover\"><span aria-hidden=\"true\" class=\"has-background-dim-0 wp-block-cover__gradient-background has-background-dim\"><\/span><img loading=\"lazy\" decoding=\"async\" width=\"406\" height=\"416\" class=\"wp-block-cover__image-background wp-image-342\" alt=\"\" src=\"https:\/\/www.bonnysa.es\/wp-content\/uploads\/2022\/03\/terra2-3.png\" data-object-fit=\"cover\" srcset=\"https:\/\/www.bonnysa.es\/wp-content\/uploads\/2022\/03\/terra2-3.png 406w, https:\/\/www.bonnysa.es\/wp-content\/uploads\/2022\/03\/terra2-3-293x300.png 293w\" sizes=\"(max-width: 406px) 100vw, 406px\" \/><div class=\"wp-block-cover__inner-container is-layout-flow wp-block-cover-is-layout-flow\">\n<figure class=\"wp-block-image size-full\"><a href=\"https:\/\/www.bonnysa.es\/en\/products\/innovative-products\/\"><img loading=\"lazy\" decoding=\"async\" width=\"426\" height=\"399\" src=\"https:\/\/www.bonnysa.es\/wp-content\/uploads\/2022\/03\/Productos-de-elaboracion-propia.png\" alt=\"\" class=\"wp-image-340\" srcset=\"https:\/\/www.bonnysa.es\/wp-content\/uploads\/2022\/03\/Productos-de-elaboracion-propia.png 426w, https:\/\/www.bonnysa.es\/wp-content\/uploads\/2022\/03\/Productos-de-elaboracion-propia-300x281.png 300w\" sizes=\"(max-width: 426px) 100vw, 426px\" \/><\/a><\/figure>\n\n\n\n<h2 class=\"wp-block-heading\"><a href=\"https:\/\/www.bonnysa.es\/productos\/productos-de-innovacion\/\" data-type=\"URL\" data-id=\"https:\/\/www.bonnysa.es\/productos\/productos-de-innovacion\/\">Innovative Products<\/a><\/h2>\n\n\n\n<p>Our most innovative side with products recognised by consumers.<\/p>\n<\/div><\/div>\n<\/div>\n<\/div>\n\n<div class=\"wp-block-image\"><figure class=\"aligncenter size-large\"><img decoding=\"async\" src=\"https:\/\/www.bonnysa.es\/wp-content\/uploads\/2022\/03\/Rectangle-3-1.jpg\" alt=\"\" title=\"productos-imagen\"\/><\/figure><\/div>\n\n<div style=\"height:50px\" aria-hidden=\"true\" class=\"wp-block-spacer\"><\/div>\n\n<p class=\"has-text-align-center\" id=\"productos-texto\">At Bonnysa we work hand in hand with nature and we are very proud to be farmers who want to give our best so that our products are unique when you eat them. Thank you for enjoying looking after yourself.<\/p>\n\n<div style=\"height:50px\" aria-hidden=\"true\" class=\"wp-block-spacer\"><\/div>\n","protected":false},"excerpt":{"rendered":"<p>We cultivate and make the best of the land Our passion and experience in agriculture to offer you high added value products. Tropical fruit grown in Tenerife, 100% national tomatoes, award-winning Flavour of the Year guacamole&#8230; visit and enjoy. At Bonnysa we work hand in hand with nature and we are very proud to be &hellip;<\/p>\n<p class=\"read-more\"> <a class=\"\" href=\"https:\/\/www.bonnysa.es\/en\/products\/\"> <span class=\"screen-reader-text\">Products<\/span> Read More \u00bb<\/a><\/p>\n","protected":false},"author":1,"featured_media":0,"parent":0,"menu_order":0,"comment_status":"closed","ping_status":"closed","template":"","meta":{"_acf_changed":false,"inline_featured_image":false,"site-sidebar-layout":"default","site-content-layout":"default","ast-global-header-display":"","ast-main-header-display":"","ast-hfb-above-header-display":"","ast-hfb-below-header-display":"","ast-hfb-mobile-header-display":"","site-post-title":"disabled","ast-breadcrumbs-content":"","ast-featured-img":"","footer-sml-layout":"","theme-transparent-header-meta":"","adv-header-id-meta":"","stick-header-meta":"","header-above-stick-meta":"","header-main-stick-meta":"","header-below-stick-meta":"","footnotes":""},"acf":[],"yoast_head":"<!-- This site is optimized with the Yoast SEO plugin v19.7.1 - https:\/\/yoast.com\/wordpress\/plugins\/seo\/ -->\n<title>Products - Bonnysa<\/title>\n<meta name=\"robots\" content=\"index, follow, max-snippet:-1, max-image-preview:large, max-video-preview:-1\" \/>\n<link rel=\"canonical\" href=\"https:\/\/www.bonnysa.es\/en\/products\/\" \/>\n<meta property=\"og:locale\" content=\"en_US\" \/>\n<meta property=\"og:type\" content=\"article\" \/>\n<meta property=\"og:title\" content=\"Products - Bonnysa\" \/>\n<meta property=\"og:description\" content=\"We cultivate and make the best of the land Our passion and experience in agriculture to offer you high added value products. Tropical fruit grown in Tenerife, 100% national tomatoes, award-winning Flavour of the Year guacamole&#8230; visit and enjoy. At Bonnysa we work hand in hand with nature and we are very proud to be &hellip; Products Read More \u00bb\" \/>\n<meta property=\"og:url\" content=\"https:\/\/www.bonnysa.es\/en\/products\/\" \/>\n<meta property=\"og:site_name\" content=\"Bonnysa\" \/>\n<meta property=\"article:modified_time\" content=\"2022-10-03T20:13:39+00:00\" \/>\n<meta property=\"og:image\" content=\"https:\/\/www.bonnysa.es\/wp-content\/uploads\/2022\/03\/gazpacho1.png\" \/>\n<meta name=\"twitter:card\" content=\"summary_large_image\" \/>\n<meta name=\"twitter:label1\" content=\"Est. reading time\" \/>\n\t<meta name=\"twitter:data1\" content=\"1 minute\" \/>\n<script type=\"application\/ld+json\" class=\"yoast-schema-graph\">{\"@context\":\"https:\/\/schema.org\",\"@graph\":[{\"@type\":\"WebPage\",\"@id\":\"https:\/\/www.bonnysa.es\/en\/products\/\",\"url\":\"https:\/\/www.bonnysa.es\/en\/products\/\",\"name\":\"Products - Bonnysa\",\"isPartOf\":{\"@id\":\"https:\/\/www.bonnysa.es\/#website\"},\"datePublished\":\"2022-02-23T11:54:29+00:00\",\"dateModified\":\"2022-10-03T20:13:39+00:00\",\"breadcrumb\":{\"@id\":\"https:\/\/www.bonnysa.es\/en\/products\/#breadcrumb\"},\"inLanguage\":\"en-US\",\"potentialAction\":[{\"@type\":\"ReadAction\",\"target\":[\"https:\/\/www.bonnysa.es\/en\/products\/\"]}]},{\"@type\":\"BreadcrumbList\",\"@id\":\"https:\/\/www.bonnysa.es\/en\/products\/#breadcrumb\",\"itemListElement\":[{\"@type\":\"ListItem\",\"position\":1,\"name\":\"Portada\",\"item\":\"https:\/\/www.bonnysa.es\/en\/home\/\"},{\"@type\":\"ListItem\",\"position\":2,\"name\":\"Products\"}]},{\"@type\":\"WebSite\",\"@id\":\"https:\/\/www.bonnysa.es\/#website\",\"url\":\"https:\/\/www.bonnysa.es\/\",\"name\":\"Bonnysa\",\"description\":\"Tras m\u00e1s de 60 a\u00f1os llenando las casas de sonrisas, ahora damos el salto a hacerlo tambi\u00e9n en Internet. \u00a1Bienvenid@ a la web m\u00e1s natural del mundo mundial!\",\"publisher\":{\"@id\":\"https:\/\/www.bonnysa.es\/#organization\"},\"potentialAction\":[{\"@type\":\"SearchAction\",\"target\":{\"@type\":\"EntryPoint\",\"urlTemplate\":\"https:\/\/www.bonnysa.es\/?s={search_term_string}\"},\"query-input\":\"required name=search_term_string\"}],\"inLanguage\":\"en-US\"},{\"@type\":\"Organization\",\"@id\":\"https:\/\/www.bonnysa.es\/#organization\",\"name\":\"Bonnysa\",\"url\":\"https:\/\/www.bonnysa.es\/\",\"sameAs\":[],\"logo\":{\"@type\":\"ImageObject\",\"inLanguage\":\"en-US\",\"@id\":\"https:\/\/www.bonnysa.es\/#\/schema\/logo\/image\/\",\"url\":\"https:\/\/www.bonnysa.es\/wp-content\/uploads\/2022\/02\/logo-bonnysa.svg\",\"contentUrl\":\"https:\/\/www.bonnysa.es\/wp-content\/uploads\/2022\/02\/logo-bonnysa.svg\",\"width\":196,\"height\":85,\"caption\":\"Bonnysa\"},\"image\":{\"@id\":\"https:\/\/www.bonnysa.es\/#\/schema\/logo\/image\/\"}}]}<\/script>\n<!-- \/ Yoast SEO plugin. -->","yoast_head_json":{"title":"Products - Bonnysa","robots":{"index":"index","follow":"follow","max-snippet":"max-snippet:-1","max-image-preview":"max-image-preview:large","max-video-preview":"max-video-preview:-1"},"canonical":"https:\/\/www.bonnysa.es\/en\/products\/","og_locale":"en_US","og_type":"article","og_title":"Products - Bonnysa","og_description":"We cultivate and make the best of the land Our passion and experience in agriculture to offer you high added value products. Tropical fruit grown in Tenerife, 100% national tomatoes, award-winning Flavour of the Year guacamole&#8230; visit and enjoy. At Bonnysa we work hand in hand with nature and we are very proud to be &hellip; Products Read More \u00bb","og_url":"https:\/\/www.bonnysa.es\/en\/products\/","og_site_name":"Bonnysa","article_modified_time":"2022-10-03T20:13:39+00:00","og_image":[{"url":"https:\/\/www.bonnysa.es\/wp-content\/uploads\/2022\/03\/gazpacho1.png"}],"twitter_card":"summary_large_image","twitter_misc":{"Est. reading time":"1 minute"},"schema":{"@context":"https:\/\/schema.org","@graph":[{"@type":"WebPage","@id":"https:\/\/www.bonnysa.es\/en\/products\/","url":"https:\/\/www.bonnysa.es\/en\/products\/","name":"Products - Bonnysa","isPartOf":{"@id":"https:\/\/www.bonnysa.es\/#website"},"datePublished":"2022-02-23T11:54:29+00:00","dateModified":"2022-10-03T20:13:39+00:00","breadcrumb":{"@id":"https:\/\/www.bonnysa.es\/en\/products\/#breadcrumb"},"inLanguage":"en-US","potentialAction":[{"@type":"ReadAction","target":["https:\/\/www.bonnysa.es\/en\/products\/"]}]},{"@type":"BreadcrumbList","@id":"https:\/\/www.bonnysa.es\/en\/products\/#breadcrumb","itemListElement":[{"@type":"ListItem","position":1,"name":"Portada","item":"https:\/\/www.bonnysa.es\/en\/home\/"},{"@type":"ListItem","position":2,"name":"Products"}]},{"@type":"WebSite","@id":"https:\/\/www.bonnysa.es\/#website","url":"https:\/\/www.bonnysa.es\/","name":"Bonnysa","description":"Tras m\u00e1s de 60 a\u00f1os llenando las casas de sonrisas, ahora damos el salto a hacerlo tambi\u00e9n en Internet. \u00a1Bienvenid@ a la web m\u00e1s natural del mundo mundial!","publisher":{"@id":"https:\/\/www.bonnysa.es\/#organization"},"potentialAction":[{"@type":"SearchAction","target":{"@type":"EntryPoint","urlTemplate":"https:\/\/www.bonnysa.es\/?s={search_term_string}"},"query-input":"required name=search_term_string"}],"inLanguage":"en-US"},{"@type":"Organization","@id":"https:\/\/www.bonnysa.es\/#organization","name":"Bonnysa","url":"https:\/\/www.bonnysa.es\/","sameAs":[],"logo":{"@type":"ImageObject","inLanguage":"en-US","@id":"https:\/\/www.bonnysa.es\/#\/schema\/logo\/image\/","url":"https:\/\/www.bonnysa.es\/wp-content\/uploads\/2022\/02\/logo-bonnysa.svg","contentUrl":"https:\/\/www.bonnysa.es\/wp-content\/uploads\/2022\/02\/logo-bonnysa.svg","width":196,"height":85,"caption":"Bonnysa"},"image":{"@id":"https:\/\/www.bonnysa.es\/#\/schema\/logo\/image\/"}}]}},"_links":{"self":[{"href":"https:\/\/www.bonnysa.es\/en\/wp-json\/wp\/v2\/pages\/14028"}],"collection":[{"href":"https:\/\/www.bonnysa.es\/en\/wp-json\/wp\/v2\/pages"}],"about":[{"href":"https:\/\/www.bonnysa.es\/en\/wp-json\/wp\/v2\/types\/page"}],"author":[{"embeddable":true,"href":"https:\/\/www.bonnysa.es\/en\/wp-json\/wp\/v2\/users\/1"}],"replies":[{"embeddable":true,"href":"https:\/\/www.bonnysa.es\/en\/wp-json\/wp\/v2\/comments?post=14028"}],"version-history":[{"count":2,"href":"https:\/\/www.bonnysa.es\/en\/wp-json\/wp\/v2\/pages\/14028\/revisions"}],"predecessor-version":[{"id":14120,"href":"https:\/\/www.bonnysa.es\/en\/wp-json\/wp\/v2\/pages\/14028\/revisions\/14120"}],"wp:attachment":[{"href":"https:\/\/www.bonnysa.es\/en\/wp-json\/wp\/v2\/media?parent=14028"}],"curies":[{"name":"wp","href":"https:\/\/api.w.org\/{rel}","templated":true}]}}